{"id":16,"date":"2018-12-30T14:59:20","date_gmt":"2018-12-30T13:59:20","guid":{"rendered":"http:\/\/tnt-eventservice.de\/?page_id=16"},"modified":"2022-10-19T14:46:10","modified_gmt":"2022-10-19T12:46:10","slug":"eventfotografie","status":"publish","type":"page","link":"http:\/\/tnt-eventservice.de\/index.php\/eventfotografie\/","title":{"rendered":"Eventfotografie"},"content":{"rendered":"<p><strong>Veranstaltungsfotos, die begeistern!<\/strong><\/p>\n<p>Meine Erfahrungen als Eventfotograf von zahlreichen Veranstaltungen und mein Blick f\u00fcr die Situation machen mich als Veranstaltungsfotograf zu Ihrem Partner f\u00fcr professionelle Eventfotografie.<br \/>\nIch dokumentiere unauff\u00e4llig die Stimmung, die Atmosph\u00e4re Ihres Events und halte f\u00fcr Sie einzigartige Momente als bleibende Erinnerungen fest. Von mir als Eventfotograf bekommen Sie lebendige und stimmige Fotos, auch gerne in einer Onlinegalerie f\u00fcr Ihre G\u00e4ste.<\/p>\n<p>Apropos G\u00e4ste\u2026 \u00fcberraschen Sie Ihre G\u00e4ste doch mal mit einem Photobooth \/ Fotobox.<\/p>\n<p><strong>Fotobox &#8222;Der Spa\u00df f\u00fcr Klein &#038; Gro\u00df&#8220;<\/strong><\/p>\n<p><img loading=\"lazy\" decoding=\"async\" src=\"http:\/\/tnt-eventservice.de\/wp-content\/uploads\/2018\/12\/49603524_2260748100915195_7236570842044301312_n-300x215.jpg\" alt=\"\" width=\"300\" height=\"215\" class=\"aligncenter size-medium wp-image-138\" srcset=\"http:\/\/tnt-eventservice.de\/wp-content\/uploads\/2018\/12\/49603524_2260748100915195_7236570842044301312_n-300x215.jpg 300w, http:\/\/tnt-eventservice.de\/wp-content\/uploads\/2018\/12\/49603524_2260748100915195_7236570842044301312_n-768x550.jpg 768w, http:\/\/tnt-eventservice.de\/wp-content\/uploads\/2018\/12\/49603524_2260748100915195_7236570842044301312_n-1024x734.jpg 1024w, http:\/\/tnt-eventservice.de\/wp-content\/uploads\/2018\/12\/49603524_2260748100915195_7236570842044301312_n.jpg 1334w\" sizes=\"(max-width: 300px) 100vw, 300px\" \/><\/p>\n<p>Fotobox Miete pro Abend inkl. allen Bilder digital auf einem USB Stick <strong>f\u00fcr 150,-\u20ac <\/strong><\/p>\n<p><strong>Eventfotograf<\/strong><\/p>\n<p>F\u00fcr Firmen-Veranstaltungen, Kongresse, Gala-Abende, Messe-Events, Konferenzen, Kundenveranstaltungen, Tagungen, Betriebsfeste, Mitgliederversammlungen, Konzerte oder das Jubil\u00e4um stehe ich Ihnen als professioneller Eventfotograf gerne zur Verf\u00fcgung.<\/p>\n<p><img loading=\"lazy\" decoding=\"async\" src=\"http:\/\/tnt-eventservice.de\/wp-content\/uploads\/2019\/02\/4-1024x683.jpg\" alt=\"\" width=\"750\" height=\"500\" class=\"aligncenter size-large wp-image-192\" srcset=\"http:\/\/tnt-eventservice.de\/wp-content\/uploads\/2019\/02\/4-1024x683.jpg 1024w, http:\/\/tnt-eventservice.de\/wp-content\/uploads\/2019\/02\/4-300x200.jpg 300w, http:\/\/tnt-eventservice.de\/wp-content\/uploads\/2019\/02\/4-768x512.jpg 768w, http:\/\/tnt-eventservice.de\/wp-content\/uploads\/2019\/02\/4-360x240.jpg 360w, http:\/\/tnt-eventservice.de\/wp-content\/uploads\/2019\/02\/4.jpg 1606w\" sizes=\"(max-width: 750px) 100vw, 750px\" \/><\/p>\n<p><img loading=\"lazy\" decoding=\"async\" src=\"http:\/\/tnt-eventservice.de\/wp-content\/uploads\/2019\/02\/1-1024x682.jpg\" alt=\"\" width=\"750\" height=\"500\" class=\"aligncenter size-large wp-image-194\" srcset=\"http:\/\/tnt-eventservice.de\/wp-content\/uploads\/2019\/02\/1-1024x682.jpg 1024w, http:\/\/tnt-eventservice.de\/wp-content\/uploads\/2019\/02\/1-300x200.jpg 300w, http:\/\/tnt-eventservice.de\/wp-content\/uploads\/2019\/02\/1-768x512.jpg 768w, http:\/\/tnt-eventservice.de\/wp-content\/uploads\/2019\/02\/1-360x240.jpg 360w, http:\/\/tnt-eventservice.de\/wp-content\/uploads\/2019\/02\/1.jpg 1430w\" sizes=\"(max-width: 750px) 100vw, 750px\" \/><\/p>\n","protected":false},"excerpt":{"rendered":"<p>Veranstaltungsfotos, die begeistern! Meine Erfahrungen als Eventfotograf von zahlreichen Veranstaltungen und mein Blick f\u00fcr die Situation machen mich als Veranstaltungsfotograf zu Ihrem Partner f\u00fcr professionelle Eventfotografie. Ich dokumentiere unauff\u00e4llig die Stimmung, die Atmosph\u00e4re Ihres Events und halte f\u00fcr Sie einzigartige Momente als bleibende Erinnerungen fest. Von mir als Eventfotograf bekommen<a class=\"moretag\" href=\"http:\/\/tnt-eventservice.de\/index.php\/eventfotografie\/\"> Weiterlesen<\/a><\/p>\n","protected":false},"author":1,"featured_media":0,"parent":0,"menu_order":0,"comment_status":"closed","ping_status":"closed","template":"","meta":{"ngg_post_thumbnail":0,"footnotes":""},"yoast_head":"<!-- This site is optimized with the Yoast SEO plugin v19.10 - https:\/\/yoast.com\/wordpress\/plugins\/seo\/ -->\n<title>Eventfotografie - TNT-Eventservice<\/title>\n<meta name=\"robots\" content=\"index, follow, max-snippet:-1, max-image-preview:large, max-video-preview:-1\" \/>\n<link rel=\"canonical\" href=\"http:\/\/tnt-eventservice.de\/index.php\/eventfotografie\/\" \/>\n<meta property=\"og:locale\" content=\"de_DE\" \/>\n<meta property=\"og:type\" content=\"article\" \/>\n<meta property=\"og:title\" content=\"Eventfotografie - TNT-Eventservice\" \/>\n<meta property=\"og:description\" content=\"Veranstaltungsfotos, die begeistern! Meine Erfahrungen als Eventfotograf von zahlreichen Veranstaltungen und mein Blick f\u00fcr die Situation machen mich als Veranstaltungsfotograf zu Ihrem Partner f\u00fcr professionelle Eventfotografie. Ich dokumentiere unauff\u00e4llig die Stimmung, die Atmosph\u00e4re Ihres Events und halte f\u00fcr Sie einzigartige Momente als bleibende Erinnerungen fest. Von mir als Eventfotograf bekommen Weiterlesen\" \/>\n<meta property=\"og:url\" content=\"http:\/\/tnt-eventservice.de\/index.php\/eventfotografie\/\" \/>\n<meta property=\"og:site_name\" content=\"TNT-Eventservice\" \/>\n<meta property=\"article:modified_time\" content=\"2022-10-19T12:46:10+00:00\" \/>\n<meta property=\"og:image\" content=\"http:\/\/tnt-eventservice.de\/wp-content\/uploads\/2018\/12\/49603524_2260748100915195_7236570842044301312_n-300x215.jpg\" \/>\n<meta name=\"twitter:card\" content=\"summary_large_image\" \/>\n<meta name=\"twitter:label1\" content=\"Gesch\u00e4tzte Lesezeit\" \/>\n\t<meta name=\"twitter:data1\" content=\"1\u00a0Minute\" \/>\n<script type=\"application\/ld+json\" class=\"yoast-schema-graph\">{\"@context\":\"https:\/\/schema.org\",\"@graph\":[{\"@type\":\"WebPage\",\"@id\":\"http:\/\/tnt-eventservice.de\/index.php\/eventfotografie\/\",\"url\":\"http:\/\/tnt-eventservice.de\/index.php\/eventfotografie\/\",\"name\":\"Eventfotografie - TNT-Eventservice\",\"isPartOf\":{\"@id\":\"http:\/\/tnt-eventservice.de\/#website\"},\"datePublished\":\"2018-12-30T13:59:20+00:00\",\"dateModified\":\"2022-10-19T12:46:10+00:00\",\"breadcrumb\":{\"@id\":\"http:\/\/tnt-eventservice.de\/index.php\/eventfotografie\/#breadcrumb\"},\"inLanguage\":\"de\",\"potentialAction\":[{\"@type\":\"ReadAction\",\"target\":[\"http:\/\/tnt-eventservice.de\/index.php\/eventfotografie\/\"]}]},{\"@type\":\"BreadcrumbList\",\"@id\":\"http:\/\/tnt-eventservice.de\/index.php\/eventfotografie\/#breadcrumb\",\"itemListElement\":[{\"@type\":\"ListItem\",\"position\":1,\"name\":\"Startseite\",\"item\":\"http:\/\/tnt-eventservice.de\/\"},{\"@type\":\"ListItem\",\"position\":2,\"name\":\"Eventfotografie\"}]},{\"@type\":\"WebSite\",\"@id\":\"http:\/\/tnt-eventservice.de\/#website\",\"url\":\"http:\/\/tnt-eventservice.de\/\",\"name\":\"TNT-Eventservice\",\"description\":\"TNT-Eventservice - Wir k\u00f6nnen Event!\",\"potentialAction\":[{\"@type\":\"SearchAction\",\"target\":{\"@type\":\"EntryPoint\",\"urlTemplate\":\"http:\/\/tnt-eventservice.de\/?s={search_term_string}\"},\"query-input\":\"required name=search_term_string\"}],\"inLanguage\":\"de\"}]}<\/script>\n<!-- \/ Yoast SEO plugin. -->","yoast_head_json":{"title":"Eventfotografie - TNT-Eventservice","robots":{"index":"index","follow":"follow","max-snippet":"max-snippet:-1","max-image-preview":"max-image-preview:large","max-video-preview":"max-video-preview:-1"},"canonical":"http:\/\/tnt-eventservice.de\/index.php\/eventfotografie\/","og_locale":"de_DE","og_type":"article","og_title":"Eventfotografie - TNT-Eventservice","og_description":"Veranstaltungsfotos, die begeistern! Meine Erfahrungen als Eventfotograf von zahlreichen Veranstaltungen und mein Blick f\u00fcr die Situation machen mich als Veranstaltungsfotograf zu Ihrem Partner f\u00fcr professionelle Eventfotografie. Ich dokumentiere unauff\u00e4llig die Stimmung, die Atmosph\u00e4re Ihres Events und halte f\u00fcr Sie einzigartige Momente als bleibende Erinnerungen fest. Von mir als Eventfotograf bekommen Weiterlesen","og_url":"http:\/\/tnt-eventservice.de\/index.php\/eventfotografie\/","og_site_name":"TNT-Eventservice","article_modified_time":"2022-10-19T12:46:10+00:00","og_image":[{"url":"http:\/\/tnt-eventservice.de\/wp-content\/uploads\/2018\/12\/49603524_2260748100915195_7236570842044301312_n-300x215.jpg"}],"twitter_card":"summary_large_image","twitter_misc":{"Gesch\u00e4tzte Lesezeit":"1\u00a0Minute"},"schema":{"@context":"https:\/\/schema.org","@graph":[{"@type":"WebPage","@id":"http:\/\/tnt-eventservice.de\/index.php\/eventfotografie\/","url":"http:\/\/tnt-eventservice.de\/index.php\/eventfotografie\/","name":"Eventfotografie - TNT-Eventservice","isPartOf":{"@id":"http:\/\/tnt-eventservice.de\/#website"},"datePublished":"2018-12-30T13:59:20+00:00","dateModified":"2022-10-19T12:46:10+00:00","breadcrumb":{"@id":"http:\/\/tnt-eventservice.de\/index.php\/eventfotografie\/#breadcrumb"},"inLanguage":"de","potentialAction":[{"@type":"ReadAction","target":["http:\/\/tnt-eventservice.de\/index.php\/eventfotografie\/"]}]},{"@type":"BreadcrumbList","@id":"http:\/\/tnt-eventservice.de\/index.php\/eventfotografie\/#breadcrumb","itemListElement":[{"@type":"ListItem","position":1,"name":"Startseite","item":"http:\/\/tnt-eventservice.de\/"},{"@type":"ListItem","position":2,"name":"Eventfotografie"}]},{"@type":"WebSite","@id":"http:\/\/tnt-eventservice.de\/#website","url":"http:\/\/tnt-eventservice.de\/","name":"TNT-Eventservice","description":"TNT-Eventservice - Wir k\u00f6nnen Event!","potentialAction":[{"@type":"SearchAction","target":{"@type":"EntryPoint","urlTemplate":"http:\/\/tnt-eventservice.de\/?s={search_term_string}"},"query-input":"required name=search_term_string"}],"inLanguage":"de"}]}},"_links":{"self":[{"href":"http:\/\/tnt-eventservice.de\/index.php\/wp-json\/wp\/v2\/pages\/16"}],"collection":[{"href":"http:\/\/tnt-eventservice.de\/index.php\/wp-json\/wp\/v2\/pages"}],"about":[{"href":"http:\/\/tnt-eventservice.de\/index.php\/wp-json\/wp\/v2\/types\/page"}],"author":[{"embeddable":true,"href":"http:\/\/tnt-eventservice.de\/index.php\/wp-json\/wp\/v2\/users\/1"}],"replies":[{"embeddable":true,"href":"http:\/\/tnt-eventservice.de\/index.php\/wp-json\/wp\/v2\/comments?post=16"}],"version-history":[{"count":10,"href":"http:\/\/tnt-eventservice.de\/index.php\/wp-json\/wp\/v2\/pages\/16\/revisions"}],"predecessor-version":[{"id":253,"href":"http:\/\/tnt-eventservice.de\/index.php\/wp-json\/wp\/v2\/pages\/16\/revisions\/253"}],"wp:attachment":[{"href":"http:\/\/tnt-eventservice.de\/index.php\/wp-json\/wp\/v2\/media?parent=16"}],"curies":[{"name":"wp","href":"https:\/\/api.w.org\/{rel}","templated":true}]}}