{"id":172,"date":"2019-02-27T18:56:00","date_gmt":"2019-02-27T17:56:00","guid":{"rendered":"http:\/\/tnt-eventservice.de\/?page_id=172"},"modified":"2019-02-27T20:17:23","modified_gmt":"2019-02-27T19:17:23","slug":"ueber-uns","status":"publish","type":"page","link":"http:\/\/tnt-eventservice.de\/index.php\/ueber-uns\/","title":{"rendered":"\u00dcber uns"},"content":{"rendered":"<p>Der vielseitige Illuminator &#8211; Toto und Team<\/p>\n<p><img loading=\"lazy\" decoding=\"async\" src=\"http:\/\/tnt-eventservice.de\/wp-content\/uploads\/2019\/02\/53063686_389115355237956_8438589350467338240_n-300x300.jpg\" alt=\"\" width=\"300\" height=\"300\" class=\"alignleft size-medium wp-image-181\" srcset=\"http:\/\/tnt-eventservice.de\/wp-content\/uploads\/2019\/02\/53063686_389115355237956_8438589350467338240_n-300x300.jpg 300w, http:\/\/tnt-eventservice.de\/wp-content\/uploads\/2019\/02\/53063686_389115355237956_8438589350467338240_n-150x150.jpg 150w, http:\/\/tnt-eventservice.de\/wp-content\/uploads\/2019\/02\/53063686_389115355237956_8438589350467338240_n-768x768.jpg 768w, http:\/\/tnt-eventservice.de\/wp-content\/uploads\/2019\/02\/53063686_389115355237956_8438589350467338240_n.jpg 960w\" sizes=\"(max-width: 300px) 100vw, 300px\" \/><\/p>\n<p>Eifel.<br \/>\nWo &#8222;Toto&#8220; auftaucht,<br \/>\nda ist immer was los.<br \/>\nThorsten &#8222;Toto&#8220; Harth<br \/>\nist der Chef von TNT-Eventservice,<br \/>\neiner weit \u00fcber die Grenzen der<br \/>\nEifel hinaus bekannten Firma,<br \/>\ndie sich die Gestaltung von<br \/>\nFestlichkeiten und Veranstaltungen<br \/>\nauf die Fahne geschrieben hat.<br \/>\nEgal, ob es um Licht- und <\/p>\n<p>Tontechnik, Fotografie, den Einsatz einer Fotobox,<br \/>\neinen DJ-Service, das Erstellen von Werbung oder auch den Verleih<br \/>\nvon Ger\u00e4tschaften geht. Toto, gemeinsam mit seinen Kollegen<br \/>\nTommy und Chris, ist zur Stelle. Chris, auch als \u201eDJ Firers\u201c<br \/>\nbekannt, liebt Musik. Als er durch einen Bekannten in die Welt<br \/>\ndes Auflegens eingef\u00fchrt wurde, war er sofort Feuer und Flamme,<br \/>\ndaher der Name. Tommy, auch als \u201eDJ Tommy\u201c bekannt, war in jungen<br \/>\nJahren schon f\u00fcr Musik zu begeistern. Mit der Familien-Band zog er<br \/>\ndurch die Festzelte. 2013 sollte sich das Blatt aber wenden, als<br \/>\nToto ihn fragte: &#8222;Sollen wir nicht Karneval zusammen im Bistro<br \/>\nauflegen.&#8220; Ab da war Tommy mittendrin im Geschehen. \u2014\u2014\u2014<br \/>\nDer gro\u00dfe Gem\u00fcnder Kursaal ist ein beliebtes Objekt f\u00fcr Feten und<br \/>\nVeranstaltungen aller Art. Der &#8222;Illuminator&#8220;, Thorsten Harth, und<br \/>\nsein Team kennen sich in diesem Saal, in dem maximal 550 G\u00e4ste auf<br \/>\nSt\u00fchlen Platz finden,  aus wie in der eigenen Westentasche. Muss<br \/>\nder gro\u00dfe Kursaal ausgeleuchtet und mit Musik best\u00fcckt werden, dann<br \/>\nwird zun\u00e4chst die Stuhl- und Tischordnung festgelegt. Anschlie\u00dfend<br \/>\nbeginnt der schwei\u00dftreibende und arbeitsintensive Aufbau. Passend zum<br \/>\nAnlass legen die Mitarbeiter von TNT-Eventservice &#8211; nach R\u00fccksprache<br \/>\nmit den Veranstaltern &#8211; die Farbwahl fest. \u2014\u2014\u2014 Bei den Gem\u00fcnder Sch\u00fctzen<br \/>\nbeispielsweise kommt gerne ein helles Gr\u00fcn in Verbindung mit einem<br \/>\nHimmelblau zum Einsatz. Aus einem Berg von Equipment werden die einzelnen<br \/>\nGer\u00e4te entnommen. Die Spots und Lichtleisten werden exakt platziert,<br \/>\nin Gang gebracht und begutachtet. Toto bittet: &#8222;Der Spot da muss weg<br \/>\nund die Blaue muss auf Gr\u00fcn.&#8220; Die Ansage wird durchgef\u00fchrt, die<br \/>\nFarbabfolge passt jetzt perfekt. Alle Lampen werden per DMX ferngeschaltet,<br \/>\nKabel gibt es kaum noch. Nach einer guten Stunde ist der gro\u00dfe Gem\u00fcnder<br \/>\nKursaal eine andere Welt. Statt grellem Sonnenlicht, das durch aufgezogene,<br \/>\nschwere Vorh\u00e4nge f\u00e4llt, beleuchten punktuell eingestellte Lichter<br \/>\nstimmungsvoll den jetzt abgedunkelten Raum. Die Fete kann beginnen.<br \/>\nEin Steckenpferd von DJ Toto: Einmal im Monat einen Tanztee in einem<br \/>\nSeniorenhaus ausrichten. Thorsten Harth: &#8222;Das mache ich seit drei Jahren<br \/>\nund es kommt ausgezeichnet an. Ich freue mich, auch \u00e4lteren Menschen ein<br \/>\npaar sch\u00f6ne Stunden ausrichten zu k\u00f6nnen, das haben sie verdient.&#8220; Bei<br \/>\nMusik aus dem vergangenen Jahrhundert wird geschunkelt, getanzt und die<br \/>\nZeit vergessen. \u2014\u2014\u2014 Ausgezeichnet kam auch die Beleuchtung an, die<br \/>\nTNT-Eventservice anl\u00e4sslich einer Modenschau ausrichtete. Im Jahr<br \/>\nbegleitet Toto rund 20 Hochzeiten und bietet auch Shootings f\u00fcr Paare,<br \/>\nFamilien und Kinder an. Nat\u00fcrlich geh\u00f6rt auch die Begleitung von Kommunions-<br \/>\nund Konfirmationsfeiern zum Angebot. Gerne denkt Toto an die Eins\u00e4tze zur\u00fcck,<br \/>\ndie ihn mit den H\u00f6hnern in Gem\u00fcnd auf dem Marienplatz und mit Kasalla,<br \/>\nebenfalls auf dem Marienplatz in Gem\u00fcnd zur 800-Jahrfeier und zum<br \/>\nKartoffelfest in Udenbreth zusammenf\u00fchrten. Damals hielt Toto das Live-Konzert<br \/>\nin Bildern fest und freute sich, mit den bekannten und gesch\u00e4tzten Gesichtern<br \/>\nauch einmal ein paar pers\u00f6nliche Worte hinter den Kulissen wechseln zu k\u00f6nnen.<br \/>\n\u2014\u2014\u2014 Ein weiteres Plus des verheirateten Familienvaters von drei Kindern: Wo<br \/>\ner auftaucht, verbreitet er von Natur aus gute Stimmung. Wie der<br \/>\nhauptberufliche Drucker zu diesem Nebenjob kam? Als Sohn von Karl-Peter Harth,<br \/>\neinem vielseitigen Musiker, spielte Thorsten Harth mit 16 Jahren zum ersten Mal<br \/>\n\u00f6ffentlich Schlagzeug. Doch Jahre sp\u00e4ter l\u00f6ste sich seine Band aus beruflichen<br \/>\nAspekten der Mitglieder auf. Toto: &#8222;Da ich mir ein Leben ohne Musik allerdings<br \/>\nnicht vorstellen kann, meldete ich 2013 als Nebenjob TNT-Eventservice an. Und<br \/>\nseither l\u00e4uft&#8217;s.&#8220; Erreichbar ist Toto \u00fcber die Internetseite.<br \/>\nWeiter freut er sich \u00fcber eine sachbezogene Mail unter info@tnt-eventservice.de<br \/>\noder \u00fcber einen Anruf, Telefon: 0 24 82\/60 61 44.<\/p>\n<p><img loading=\"lazy\" decoding=\"async\" src=\"http:\/\/tnt-eventservice.de\/wp-content\/uploads\/2019\/02\/50836358_2005202882868611_7495646907176321024_n.jpg\" alt=\"\" width=\"750\" height=\"750\" class=\"aligncenter size-full wp-image-173\" srcset=\"http:\/\/tnt-eventservice.de\/wp-content\/uploads\/2019\/02\/50836358_2005202882868611_7495646907176321024_n.jpg 750w, http:\/\/tnt-eventservice.de\/wp-content\/uploads\/2019\/02\/50836358_2005202882868611_7495646907176321024_n-150x150.jpg 150w, http:\/\/tnt-eventservice.de\/wp-content\/uploads\/2019\/02\/50836358_2005202882868611_7495646907176321024_n-300x300.jpg 300w\" sizes=\"(max-width: 750px) 100vw, 750px\" \/><\/p>\n","protected":false},"excerpt":{"rendered":"<p>Der vielseitige Illuminator &#8211; Toto und Team Eifel. Wo &#8222;Toto&#8220; auftaucht, da ist immer was los. Thorsten &#8222;Toto&#8220; Harth ist der Chef von TNT-Eventservice, einer weit \u00fcber die Grenzen der Eifel hinaus bekannten Firma, die sich die Gestaltung von Festlichkeiten und Veranstaltungen auf die Fahne geschrieben hat. Egal, ob es<a class=\"moretag\" href=\"http:\/\/tnt-eventservice.de\/index.php\/ueber-uns\/\"> Weiterlesen<\/a><\/p>\n","protected":false},"author":1,"featured_media":0,"parent":0,"menu_order":0,"comment_status":"closed","ping_status":"closed","template":"","meta":{"ngg_post_thumbnail":0,"footnotes":""},"yoast_head":"<!-- This site is optimized with the Yoast SEO plugin v19.10 - https:\/\/yoast.com\/wordpress\/plugins\/seo\/ -->\n<title>\u00dcber uns - TNT-Eventservice<\/title>\n<meta name=\"robots\" content=\"index, follow, max-snippet:-1, max-image-preview:large, max-video-preview:-1\" \/>\n<link rel=\"canonical\" href=\"http:\/\/tnt-eventservice.de\/index.php\/ueber-uns\/\" \/>\n<meta property=\"og:locale\" content=\"de_DE\" \/>\n<meta property=\"og:type\" content=\"article\" \/>\n<meta property=\"og:title\" content=\"\u00dcber uns - TNT-Eventservice\" \/>\n<meta property=\"og:description\" content=\"Der vielseitige Illuminator &#8211; Toto und Team Eifel. Wo &#8222;Toto&#8220; auftaucht, da ist immer was los. Thorsten &#8222;Toto&#8220; Harth ist der Chef von TNT-Eventservice, einer weit \u00fcber die Grenzen der Eifel hinaus bekannten Firma, die sich die Gestaltung von Festlichkeiten und Veranstaltungen auf die Fahne geschrieben hat. Egal, ob es Weiterlesen\" \/>\n<meta property=\"og:url\" content=\"http:\/\/tnt-eventservice.de\/index.php\/ueber-uns\/\" \/>\n<meta property=\"og:site_name\" content=\"TNT-Eventservice\" \/>\n<meta property=\"article:modified_time\" content=\"2019-02-27T19:17:23+00:00\" \/>\n<meta property=\"og:image\" content=\"http:\/\/tnt-eventservice.de\/wp-content\/uploads\/2019\/02\/53063686_389115355237956_8438589350467338240_n-300x300.jpg\" \/>\n<meta name=\"twitter:card\" content=\"summary_large_image\" \/>\n<meta name=\"twitter:label1\" content=\"Gesch\u00e4tzte Lesezeit\" \/>\n\t<meta name=\"twitter:data1\" content=\"3\u00a0Minuten\" \/>\n<script type=\"application\/ld+json\" class=\"yoast-schema-graph\">{\"@context\":\"https:\/\/schema.org\",\"@graph\":[{\"@type\":\"WebPage\",\"@id\":\"http:\/\/tnt-eventservice.de\/index.php\/ueber-uns\/\",\"url\":\"http:\/\/tnt-eventservice.de\/index.php\/ueber-uns\/\",\"name\":\"\u00dcber uns - TNT-Eventservice\",\"isPartOf\":{\"@id\":\"http:\/\/tnt-eventservice.de\/#website\"},\"datePublished\":\"2019-02-27T17:56:00+00:00\",\"dateModified\":\"2019-02-27T19:17:23+00:00\",\"breadcrumb\":{\"@id\":\"http:\/\/tnt-eventservice.de\/index.php\/ueber-uns\/#breadcrumb\"},\"inLanguage\":\"de\",\"potentialAction\":[{\"@type\":\"ReadAction\",\"target\":[\"http:\/\/tnt-eventservice.de\/index.php\/ueber-uns\/\"]}]},{\"@type\":\"BreadcrumbList\",\"@id\":\"http:\/\/tnt-eventservice.de\/index.php\/ueber-uns\/#breadcrumb\",\"itemListElement\":[{\"@type\":\"ListItem\",\"position\":1,\"name\":\"Startseite\",\"item\":\"http:\/\/tnt-eventservice.de\/\"},{\"@type\":\"ListItem\",\"position\":2,\"name\":\"\u00dcber uns\"}]},{\"@type\":\"WebSite\",\"@id\":\"http:\/\/tnt-eventservice.de\/#website\",\"url\":\"http:\/\/tnt-eventservice.de\/\",\"name\":\"TNT-Eventservice\",\"description\":\"TNT-Eventservice - Wir k\u00f6nnen Event!\",\"potentialAction\":[{\"@type\":\"SearchAction\",\"target\":{\"@type\":\"EntryPoint\",\"urlTemplate\":\"http:\/\/tnt-eventservice.de\/?s={search_term_string}\"},\"query-input\":\"required name=search_term_string\"}],\"inLanguage\":\"de\"}]}<\/script>\n<!-- \/ Yoast SEO plugin. -->","yoast_head_json":{"title":"\u00dcber uns - TNT-Eventservice","robots":{"index":"index","follow":"follow","max-snippet":"max-snippet:-1","max-image-preview":"max-image-preview:large","max-video-preview":"max-video-preview:-1"},"canonical":"http:\/\/tnt-eventservice.de\/index.php\/ueber-uns\/","og_locale":"de_DE","og_type":"article","og_title":"\u00dcber uns - TNT-Eventservice","og_description":"Der vielseitige Illuminator &#8211; Toto und Team Eifel. Wo &#8222;Toto&#8220; auftaucht, da ist immer was los. Thorsten &#8222;Toto&#8220; Harth ist der Chef von TNT-Eventservice, einer weit \u00fcber die Grenzen der Eifel hinaus bekannten Firma, die sich die Gestaltung von Festlichkeiten und Veranstaltungen auf die Fahne geschrieben hat. Egal, ob es Weiterlesen","og_url":"http:\/\/tnt-eventservice.de\/index.php\/ueber-uns\/","og_site_name":"TNT-Eventservice","article_modified_time":"2019-02-27T19:17:23+00:00","og_image":[{"url":"http:\/\/tnt-eventservice.de\/wp-content\/uploads\/2019\/02\/53063686_389115355237956_8438589350467338240_n-300x300.jpg"}],"twitter_card":"summary_large_image","twitter_misc":{"Gesch\u00e4tzte Lesezeit":"3\u00a0Minuten"},"schema":{"@context":"https:\/\/schema.org","@graph":[{"@type":"WebPage","@id":"http:\/\/tnt-eventservice.de\/index.php\/ueber-uns\/","url":"http:\/\/tnt-eventservice.de\/index.php\/ueber-uns\/","name":"\u00dcber uns - TNT-Eventservice","isPartOf":{"@id":"http:\/\/tnt-eventservice.de\/#website"},"datePublished":"2019-02-27T17:56:00+00:00","dateModified":"2019-02-27T19:17:23+00:00","breadcrumb":{"@id":"http:\/\/tnt-eventservice.de\/index.php\/ueber-uns\/#breadcrumb"},"inLanguage":"de","potentialAction":[{"@type":"ReadAction","target":["http:\/\/tnt-eventservice.de\/index.php\/ueber-uns\/"]}]},{"@type":"BreadcrumbList","@id":"http:\/\/tnt-eventservice.de\/index.php\/ueber-uns\/#breadcrumb","itemListElement":[{"@type":"ListItem","position":1,"name":"Startseite","item":"http:\/\/tnt-eventservice.de\/"},{"@type":"ListItem","position":2,"name":"\u00dcber uns"}]},{"@type":"WebSite","@id":"http:\/\/tnt-eventservice.de\/#website","url":"http:\/\/tnt-eventservice.de\/","name":"TNT-Eventservice","description":"TNT-Eventservice - Wir k\u00f6nnen Event!","potentialAction":[{"@type":"SearchAction","target":{"@type":"EntryPoint","urlTemplate":"http:\/\/tnt-eventservice.de\/?s={search_term_string}"},"query-input":"required name=search_term_string"}],"inLanguage":"de"}]}},"_links":{"self":[{"href":"http:\/\/tnt-eventservice.de\/index.php\/wp-json\/wp\/v2\/pages\/172"}],"collection":[{"href":"http:\/\/tnt-eventservice.de\/index.php\/wp-json\/wp\/v2\/pages"}],"about":[{"href":"http:\/\/tnt-eventservice.de\/index.php\/wp-json\/wp\/v2\/types\/page"}],"author":[{"embeddable":true,"href":"http:\/\/tnt-eventservice.de\/index.php\/wp-json\/wp\/v2\/users\/1"}],"replies":[{"embeddable":true,"href":"http:\/\/tnt-eventservice.de\/index.php\/wp-json\/wp\/v2\/comments?post=172"}],"version-history":[{"count":16,"href":"http:\/\/tnt-eventservice.de\/index.php\/wp-json\/wp\/v2\/pages\/172\/revisions"}],"predecessor-version":[{"id":225,"href":"http:\/\/tnt-eventservice.de\/index.php\/wp-json\/wp\/v2\/pages\/172\/revisions\/225"}],"wp:attachment":[{"href":"http:\/\/tnt-eventservice.de\/index.php\/wp-json\/wp\/v2\/media?parent=172"}],"curies":[{"name":"wp","href":"https:\/\/api.w.org\/{rel}","templated":true}]}}