{"id":24,"date":"2018-12-30T14:26:28","date_gmt":"2018-12-30T13:26:28","guid":{"rendered":"http:\/\/tnt-eventservice.de\/?page_id=24"},"modified":"2023-09-29T13:23:53","modified_gmt":"2023-09-29T11:23:53","slug":"hochzeit","status":"publish","type":"page","link":"http:\/\/tnt-eventservice.de\/index.php\/hochzeit\/","title":{"rendered":"Hochzeit"},"content":{"rendered":"<p>Wir freuen uns das Sie sich f\u00fcr unser Hochzeitspaket interessieren.<\/p>\n<p>Sie sind gl\u00fccklich und wollen nach einem wundersch\u00f6nen Antrag nun auch<br \/>\neinen sch\u00f6nen Hochzeitstag erleben. Daf\u00fcr sind wir da.<\/p>\n<p>Mit nun mehr als \u00fcber 25 Jahren Erfahrung im Eventbereich, k\u00f6nnen wir<br \/>\nmit Stolz auf \u00fcber 15 Jahre Erfahrung in der Eventsparte Hochzeit Ihren<br \/>\nTag bestm\u00f6glich begleiten.<\/p>\n<p>Wir bieten alles aus einer Hand wenn Sie es w\u00fcnschen.<\/p>\n<p>Als Beispiel Hochzeitsfotograf, Fotobox, DJ, Videofilmer, Uplights zur Deko,<br \/>\nService f\u00fcr die Bewirtung und vieles mehr&#8230;.<\/p>\n<p>All diese M\u00f6glichkeiten stehen Ihnen zu Wahl, nat\u00fcrlich k\u00f6nnen Sie auf<br \/>\nBekannte und Verwandte zur\u00fcckgreifen, aber aus der Erfahrung hat sich<br \/>\ngezeigt, das eigentlich alle Ihre besonderen Tag mit Ihnen feiern<br \/>\nund nicht arbeiten wollen.<\/p>\n<p><strong>Hochzeitsfotoservice:<\/strong><em><\/p>\n<p>Wir bieten Ihnen das anfertigen von Fotos f\u00fcr verschiedene Events an.<\/p>\n<p>Preis f\u00fcr die Stunde w\u00e4re 75,-\u20ac.<br \/>\nSie bekommen alle Bilder gesichtet auf einem USB Stick.<\/p>\n<p>Bestandteil der ersten Stunde :<\/p>\n<p>1 Stunde Shooting<br \/>\n1 USB Stick mit allen gesichteten Bildern<br \/>\nFahrtkosten 20km um 53940 Hellenthal<\/p>\n<p>Schauen Sie gerne einmal auf unserer Facebook Seite vorbei und<br \/>\nlesen Sie die Bewertungen unserer Kunden.<br \/>\nGerne freuen wir uns \u00fcber ein Like auf der Seite.<\/p>\n<p><strong><a href=\"https:\/\/m.facebook.com\/HochzeitsDJsundFotografen\/\" rel=\"noopener\" target=\"_blank\">Like us on Facebook<\/a><br \/>\n<\/strong><em><\/p>\n<p><img loading=\"lazy\" decoding=\"async\" src=\"http:\/\/tnt-eventservice.de\/wp-content\/uploads\/2019\/02\/Paarshooting-195-1024x684.jpg\" alt=\"\" width=\"750\" height=\"501\" class=\"aligncenter size-large wp-image-199\" srcset=\"http:\/\/tnt-eventservice.de\/wp-content\/uploads\/2019\/02\/Paarshooting-195-1024x684.jpg 1024w, http:\/\/tnt-eventservice.de\/wp-content\/uploads\/2019\/02\/Paarshooting-195-300x200.jpg 300w, http:\/\/tnt-eventservice.de\/wp-content\/uploads\/2019\/02\/Paarshooting-195-768x513.jpg 768w, http:\/\/tnt-eventservice.de\/wp-content\/uploads\/2019\/02\/Paarshooting-195-360x240.jpg 360w\" sizes=\"(max-width: 750px) 100vw, 750px\" \/><\/p>\n","protected":false},"excerpt":{"rendered":"<p>Wir freuen uns das Sie sich f\u00fcr unser Hochzeitspaket interessieren. Sie sind gl\u00fccklich und wollen nach einem wundersch\u00f6nen Antrag nun auch einen sch\u00f6nen Hochzeitstag erleben. Daf\u00fcr sind wir da. Mit nun mehr als \u00fcber 25 Jahren Erfahrung im Eventbereich, k\u00f6nnen wir mit Stolz auf \u00fcber 15 Jahre Erfahrung in der<a class=\"moretag\" href=\"http:\/\/tnt-eventservice.de\/index.php\/hochzeit\/\"> Weiterlesen<\/a><\/p>\n","protected":false},"author":1,"featured_media":0,"parent":0,"menu_order":0,"comment_status":"closed","ping_status":"closed","template":"","meta":{"ngg_post_thumbnail":0,"footnotes":""},"yoast_head":"<!-- This site is optimized with the Yoast SEO plugin v19.10 - https:\/\/yoast.com\/wordpress\/plugins\/seo\/ -->\n<title>Hochzeit - TNT-Eventservice<\/title>\n<meta name=\"robots\" content=\"index, follow, max-snippet:-1, max-image-preview:large, max-video-preview:-1\" \/>\n<link rel=\"canonical\" href=\"http:\/\/tnt-eventservice.de\/index.php\/hochzeit\/\" \/>\n<meta property=\"og:locale\" content=\"de_DE\" \/>\n<meta property=\"og:type\" content=\"article\" \/>\n<meta property=\"og:title\" content=\"Hochzeit - TNT-Eventservice\" \/>\n<meta property=\"og:description\" content=\"Wir freuen uns das Sie sich f\u00fcr unser Hochzeitspaket interessieren. Sie sind gl\u00fccklich und wollen nach einem wundersch\u00f6nen Antrag nun auch einen sch\u00f6nen Hochzeitstag erleben. Daf\u00fcr sind wir da. Mit nun mehr als \u00fcber 25 Jahren Erfahrung im Eventbereich, k\u00f6nnen wir mit Stolz auf \u00fcber 15 Jahre Erfahrung in der Weiterlesen\" \/>\n<meta property=\"og:url\" content=\"http:\/\/tnt-eventservice.de\/index.php\/hochzeit\/\" \/>\n<meta property=\"og:site_name\" content=\"TNT-Eventservice\" \/>\n<meta property=\"article:modified_time\" content=\"2023-09-29T11:23:53+00:00\" \/>\n<meta property=\"og:image\" content=\"http:\/\/tnt-eventservice.de\/wp-content\/uploads\/2019\/02\/Paarshooting-195-1024x684.jpg\" \/>\n<meta name=\"twitter:card\" content=\"summary_large_image\" \/>\n<meta name=\"twitter:label1\" content=\"Gesch\u00e4tzte Lesezeit\" \/>\n\t<meta name=\"twitter:data1\" content=\"2\u00a0Minuten\" \/>\n<script type=\"application\/ld+json\" class=\"yoast-schema-graph\">{\"@context\":\"https:\/\/schema.org\",\"@graph\":[{\"@type\":\"WebPage\",\"@id\":\"http:\/\/tnt-eventservice.de\/index.php\/hochzeit\/\",\"url\":\"http:\/\/tnt-eventservice.de\/index.php\/hochzeit\/\",\"name\":\"Hochzeit - TNT-Eventservice\",\"isPartOf\":{\"@id\":\"http:\/\/tnt-eventservice.de\/#website\"},\"datePublished\":\"2018-12-30T13:26:28+00:00\",\"dateModified\":\"2023-09-29T11:23:53+00:00\",\"breadcrumb\":{\"@id\":\"http:\/\/tnt-eventservice.de\/index.php\/hochzeit\/#breadcrumb\"},\"inLanguage\":\"de\",\"potentialAction\":[{\"@type\":\"ReadAction\",\"target\":[\"http:\/\/tnt-eventservice.de\/index.php\/hochzeit\/\"]}]},{\"@type\":\"BreadcrumbList\",\"@id\":\"http:\/\/tnt-eventservice.de\/index.php\/hochzeit\/#breadcrumb\",\"itemListElement\":[{\"@type\":\"ListItem\",\"position\":1,\"name\":\"Startseite\",\"item\":\"http:\/\/tnt-eventservice.de\/\"},{\"@type\":\"ListItem\",\"position\":2,\"name\":\"Hochzeit\"}]},{\"@type\":\"WebSite\",\"@id\":\"http:\/\/tnt-eventservice.de\/#website\",\"url\":\"http:\/\/tnt-eventservice.de\/\",\"name\":\"TNT-Eventservice\",\"description\":\"TNT-Eventservice - Wir k\u00f6nnen Event!\",\"potentialAction\":[{\"@type\":\"SearchAction\",\"target\":{\"@type\":\"EntryPoint\",\"urlTemplate\":\"http:\/\/tnt-eventservice.de\/?s={search_term_string}\"},\"query-input\":\"required name=search_term_string\"}],\"inLanguage\":\"de\"}]}<\/script>\n<!-- \/ Yoast SEO plugin. -->","yoast_head_json":{"title":"Hochzeit - TNT-Eventservice","robots":{"index":"index","follow":"follow","max-snippet":"max-snippet:-1","max-image-preview":"max-image-preview:large","max-video-preview":"max-video-preview:-1"},"canonical":"http:\/\/tnt-eventservice.de\/index.php\/hochzeit\/","og_locale":"de_DE","og_type":"article","og_title":"Hochzeit - TNT-Eventservice","og_description":"Wir freuen uns das Sie sich f\u00fcr unser Hochzeitspaket interessieren. Sie sind gl\u00fccklich und wollen nach einem wundersch\u00f6nen Antrag nun auch einen sch\u00f6nen Hochzeitstag erleben. Daf\u00fcr sind wir da. Mit nun mehr als \u00fcber 25 Jahren Erfahrung im Eventbereich, k\u00f6nnen wir mit Stolz auf \u00fcber 15 Jahre Erfahrung in der Weiterlesen","og_url":"http:\/\/tnt-eventservice.de\/index.php\/hochzeit\/","og_site_name":"TNT-Eventservice","article_modified_time":"2023-09-29T11:23:53+00:00","og_image":[{"url":"http:\/\/tnt-eventservice.de\/wp-content\/uploads\/2019\/02\/Paarshooting-195-1024x684.jpg"}],"twitter_card":"summary_large_image","twitter_misc":{"Gesch\u00e4tzte Lesezeit":"2\u00a0Minuten"},"schema":{"@context":"https:\/\/schema.org","@graph":[{"@type":"WebPage","@id":"http:\/\/tnt-eventservice.de\/index.php\/hochzeit\/","url":"http:\/\/tnt-eventservice.de\/index.php\/hochzeit\/","name":"Hochzeit - TNT-Eventservice","isPartOf":{"@id":"http:\/\/tnt-eventservice.de\/#website"},"datePublished":"2018-12-30T13:26:28+00:00","dateModified":"2023-09-29T11:23:53+00:00","breadcrumb":{"@id":"http:\/\/tnt-eventservice.de\/index.php\/hochzeit\/#breadcrumb"},"inLanguage":"de","potentialAction":[{"@type":"ReadAction","target":["http:\/\/tnt-eventservice.de\/index.php\/hochzeit\/"]}]},{"@type":"BreadcrumbList","@id":"http:\/\/tnt-eventservice.de\/index.php\/hochzeit\/#breadcrumb","itemListElement":[{"@type":"ListItem","position":1,"name":"Startseite","item":"http:\/\/tnt-eventservice.de\/"},{"@type":"ListItem","position":2,"name":"Hochzeit"}]},{"@type":"WebSite","@id":"http:\/\/tnt-eventservice.de\/#website","url":"http:\/\/tnt-eventservice.de\/","name":"TNT-Eventservice","description":"TNT-Eventservice - Wir k\u00f6nnen Event!","potentialAction":[{"@type":"SearchAction","target":{"@type":"EntryPoint","urlTemplate":"http:\/\/tnt-eventservice.de\/?s={search_term_string}"},"query-input":"required name=search_term_string"}],"inLanguage":"de"}]}},"_links":{"self":[{"href":"http:\/\/tnt-eventservice.de\/index.php\/wp-json\/wp\/v2\/pages\/24"}],"collection":[{"href":"http:\/\/tnt-eventservice.de\/index.php\/wp-json\/wp\/v2\/pages"}],"about":[{"href":"http:\/\/tnt-eventservice.de\/index.php\/wp-json\/wp\/v2\/types\/page"}],"author":[{"embeddable":true,"href":"http:\/\/tnt-eventservice.de\/index.php\/wp-json\/wp\/v2\/users\/1"}],"replies":[{"embeddable":true,"href":"http:\/\/tnt-eventservice.de\/index.php\/wp-json\/wp\/v2\/comments?post=24"}],"version-history":[{"count":6,"href":"http:\/\/tnt-eventservice.de\/index.php\/wp-json\/wp\/v2\/pages\/24\/revisions"}],"predecessor-version":[{"id":282,"href":"http:\/\/tnt-eventservice.de\/index.php\/wp-json\/wp\/v2\/pages\/24\/revisions\/282"}],"wp:attachment":[{"href":"http:\/\/tnt-eventservice.de\/index.php\/wp-json\/wp\/v2\/media?parent=24"}],"curies":[{"name":"wp","href":"https:\/\/api.w.org\/{rel}","templated":true}]}}