{"id":268,"date":"2023-05-02T21:22:10","date_gmt":"2023-05-02T19:22:10","guid":{"rendered":"http:\/\/tnt-eventservice.de\/?page_id=268"},"modified":"2023-09-29T13:26:49","modified_gmt":"2023-09-29T11:26:49","slug":"audio-gaestebuch-telefon","status":"publish","type":"page","link":"http:\/\/tnt-eventservice.de\/index.php\/audio-gaestebuch-telefon\/","title":{"rendered":"Audio G\u00e4stebuch"},"content":{"rendered":"<p>Freut Euch auf das n\u00e4chste Highlight bei euren Events.<\/p>\n<p>Das digitale Audio G\u00e4stebuch f\u00fcr Eure Hochzeit, Babyparty, Geburtstag und vieles mehr .<\/p>\n<p>1). H\u00f6rer abheben<br \/>\n2). eine Nachricht f\u00fcr die Ewigkeit hinterlassen<br \/>\n3). H\u00f6rer auflegen<\/p>\n<p>Freut Euch auf ein Highlight in Wei\u00df , Beige oder Schwarz \u2026<\/p>\n<p>Jetzt f\u00fcr Euch verf\u00fcgbar<\/p>\n<p>Unser Mietpreis von 99,-\u20ac. f\u00fcr 24 Std.<\/p>\n<p>Eine Kaution m\u00fcsste hinterlegt werden.<br \/>\nVersand Deutschlandweit m\u00f6glich.<\/p>\n","protected":false},"excerpt":{"rendered":"<p>Freut Euch auf das n\u00e4chste Highlight bei euren Events. Das digitale Audio G\u00e4stebuch f\u00fcr Eure Hochzeit, Babyparty, Geburtstag und vieles mehr . 1). H\u00f6rer abheben 2). eine Nachricht f\u00fcr die Ewigkeit hinterlassen 3). H\u00f6rer auflegen Freut Euch auf ein Highlight in Wei\u00df , Beige oder Schwarz \u2026 Jetzt f\u00fcr Euch<a class=\"moretag\" href=\"http:\/\/tnt-eventservice.de\/index.php\/audio-gaestebuch-telefon\/\"> Weiterlesen<\/a><\/p>\n","protected":false},"author":2,"featured_media":0,"parent":0,"menu_order":0,"comment_status":"closed","ping_status":"closed","template":"","meta":{"ngg_post_thumbnail":0,"footnotes":""},"yoast_head":"<!-- This site is optimized with the Yoast SEO plugin v19.10 - https:\/\/yoast.com\/wordpress\/plugins\/seo\/ -->\n<title>Audio G\u00e4stebuch - TNT-Eventservice<\/title>\n<meta name=\"robots\" content=\"index, follow, max-snippet:-1, max-image-preview:large, max-video-preview:-1\" \/>\n<link rel=\"canonical\" href=\"http:\/\/tnt-eventservice.de\/index.php\/audio-gaestebuch-telefon\/\" \/>\n<meta property=\"og:locale\" content=\"de_DE\" \/>\n<meta property=\"og:type\" content=\"article\" \/>\n<meta property=\"og:title\" content=\"Audio G\u00e4stebuch - TNT-Eventservice\" \/>\n<meta property=\"og:description\" content=\"Freut Euch auf das n\u00e4chste Highlight bei euren Events. Das digitale Audio G\u00e4stebuch f\u00fcr Eure Hochzeit, Babyparty, Geburtstag und vieles mehr . 1). H\u00f6rer abheben 2). eine Nachricht f\u00fcr die Ewigkeit hinterlassen 3). H\u00f6rer auflegen Freut Euch auf ein Highlight in Wei\u00df , Beige oder Schwarz \u2026 Jetzt f\u00fcr Euch Weiterlesen\" \/>\n<meta property=\"og:url\" content=\"http:\/\/tnt-eventservice.de\/index.php\/audio-gaestebuch-telefon\/\" \/>\n<meta property=\"og:site_name\" content=\"TNT-Eventservice\" \/>\n<meta property=\"article:modified_time\" content=\"2023-09-29T11:26:49+00:00\" \/>\n<meta name=\"twitter:card\" content=\"summary_large_image\" \/>\n<meta name=\"twitter:label1\" content=\"Gesch\u00e4tzte Lesezeit\" \/>\n\t<meta name=\"twitter:data1\" content=\"1\u00a0Minute\" \/>\n<script type=\"application\/ld+json\" class=\"yoast-schema-graph\">{\"@context\":\"https:\/\/schema.org\",\"@graph\":[{\"@type\":\"WebPage\",\"@id\":\"http:\/\/tnt-eventservice.de\/index.php\/audio-gaestebuch-telefon\/\",\"url\":\"http:\/\/tnt-eventservice.de\/index.php\/audio-gaestebuch-telefon\/\",\"name\":\"Audio G\u00e4stebuch - TNT-Eventservice\",\"isPartOf\":{\"@id\":\"http:\/\/tnt-eventservice.de\/#website\"},\"datePublished\":\"2023-05-02T19:22:10+00:00\",\"dateModified\":\"2023-09-29T11:26:49+00:00\",\"breadcrumb\":{\"@id\":\"http:\/\/tnt-eventservice.de\/index.php\/audio-gaestebuch-telefon\/#breadcrumb\"},\"inLanguage\":\"de\",\"potentialAction\":[{\"@type\":\"ReadAction\",\"target\":[\"http:\/\/tnt-eventservice.de\/index.php\/audio-gaestebuch-telefon\/\"]}]},{\"@type\":\"BreadcrumbList\",\"@id\":\"http:\/\/tnt-eventservice.de\/index.php\/audio-gaestebuch-telefon\/#breadcrumb\",\"itemListElement\":[{\"@type\":\"ListItem\",\"position\":1,\"name\":\"Startseite\",\"item\":\"http:\/\/tnt-eventservice.de\/\"},{\"@type\":\"ListItem\",\"position\":2,\"name\":\"Audio G\u00e4stebuch\"}]},{\"@type\":\"WebSite\",\"@id\":\"http:\/\/tnt-eventservice.de\/#website\",\"url\":\"http:\/\/tnt-eventservice.de\/\",\"name\":\"TNT-Eventservice\",\"description\":\"TNT-Eventservice - Wir k\u00f6nnen Event!\",\"potentialAction\":[{\"@type\":\"SearchAction\",\"target\":{\"@type\":\"EntryPoint\",\"urlTemplate\":\"http:\/\/tnt-eventservice.de\/?s={search_term_string}\"},\"query-input\":\"required name=search_term_string\"}],\"inLanguage\":\"de\"}]}<\/script>\n<!-- \/ Yoast SEO plugin. -->","yoast_head_json":{"title":"Audio G\u00e4stebuch - TNT-Eventservice","robots":{"index":"index","follow":"follow","max-snippet":"max-snippet:-1","max-image-preview":"max-image-preview:large","max-video-preview":"max-video-preview:-1"},"canonical":"http:\/\/tnt-eventservice.de\/index.php\/audio-gaestebuch-telefon\/","og_locale":"de_DE","og_type":"article","og_title":"Audio G\u00e4stebuch - TNT-Eventservice","og_description":"Freut Euch auf das n\u00e4chste Highlight bei euren Events. Das digitale Audio G\u00e4stebuch f\u00fcr Eure Hochzeit, Babyparty, Geburtstag und vieles mehr . 1). H\u00f6rer abheben 2). eine Nachricht f\u00fcr die Ewigkeit hinterlassen 3). H\u00f6rer auflegen Freut Euch auf ein Highlight in Wei\u00df , Beige oder Schwarz \u2026 Jetzt f\u00fcr Euch Weiterlesen","og_url":"http:\/\/tnt-eventservice.de\/index.php\/audio-gaestebuch-telefon\/","og_site_name":"TNT-Eventservice","article_modified_time":"2023-09-29T11:26:49+00:00","twitter_card":"summary_large_image","twitter_misc":{"Gesch\u00e4tzte Lesezeit":"1\u00a0Minute"},"schema":{"@context":"https:\/\/schema.org","@graph":[{"@type":"WebPage","@id":"http:\/\/tnt-eventservice.de\/index.php\/audio-gaestebuch-telefon\/","url":"http:\/\/tnt-eventservice.de\/index.php\/audio-gaestebuch-telefon\/","name":"Audio G\u00e4stebuch - TNT-Eventservice","isPartOf":{"@id":"http:\/\/tnt-eventservice.de\/#website"},"datePublished":"2023-05-02T19:22:10+00:00","dateModified":"2023-09-29T11:26:49+00:00","breadcrumb":{"@id":"http:\/\/tnt-eventservice.de\/index.php\/audio-gaestebuch-telefon\/#breadcrumb"},"inLanguage":"de","potentialAction":[{"@type":"ReadAction","target":["http:\/\/tnt-eventservice.de\/index.php\/audio-gaestebuch-telefon\/"]}]},{"@type":"BreadcrumbList","@id":"http:\/\/tnt-eventservice.de\/index.php\/audio-gaestebuch-telefon\/#breadcrumb","itemListElement":[{"@type":"ListItem","position":1,"name":"Startseite","item":"http:\/\/tnt-eventservice.de\/"},{"@type":"ListItem","position":2,"name":"Audio G\u00e4stebuch"}]},{"@type":"WebSite","@id":"http:\/\/tnt-eventservice.de\/#website","url":"http:\/\/tnt-eventservice.de\/","name":"TNT-Eventservice","description":"TNT-Eventservice - Wir k\u00f6nnen Event!","potentialAction":[{"@type":"SearchAction","target":{"@type":"EntryPoint","urlTemplate":"http:\/\/tnt-eventservice.de\/?s={search_term_string}"},"query-input":"required name=search_term_string"}],"inLanguage":"de"}]}},"_links":{"self":[{"href":"http:\/\/tnt-eventservice.de\/index.php\/wp-json\/wp\/v2\/pages\/268"}],"collection":[{"href":"http:\/\/tnt-eventservice.de\/index.php\/wp-json\/wp\/v2\/pages"}],"about":[{"href":"http:\/\/tnt-eventservice.de\/index.php\/wp-json\/wp\/v2\/types\/page"}],"author":[{"embeddable":true,"href":"http:\/\/tnt-eventservice.de\/index.php\/wp-json\/wp\/v2\/users\/2"}],"replies":[{"embeddable":true,"href":"http:\/\/tnt-eventservice.de\/index.php\/wp-json\/wp\/v2\/comments?post=268"}],"version-history":[{"count":7,"href":"http:\/\/tnt-eventservice.de\/index.php\/wp-json\/wp\/v2\/pages\/268\/revisions"}],"predecessor-version":[{"id":285,"href":"http:\/\/tnt-eventservice.de\/index.php\/wp-json\/wp\/v2\/pages\/268\/revisions\/285"}],"wp:attachment":[{"href":"http:\/\/tnt-eventservice.de\/index.php\/wp-json\/wp\/v2\/media?parent=268"}],"curies":[{"name":"wp","href":"https:\/\/api.w.org\/{rel}","templated":true}]}}