{"id":27,"date":"2018-12-30T14:58:46","date_gmt":"2018-12-30T13:58:46","guid":{"rendered":"http:\/\/tnt-eventservice.de\/?page_id=27"},"modified":"2020-05-25T22:38:30","modified_gmt":"2020-05-25T20:38:30","slug":"dj-service","status":"publish","type":"page","link":"http:\/\/tnt-eventservice.de\/index.php\/dj-service\/","title":{"rendered":"DJ Service"},"content":{"rendered":"<p>>Sie suchen f\u00fcr Ihre Feier einen DJ ?<br \/>\nDann z\u00f6gern Sie nicht und schreiben uns gerne an,<br \/>\nwir machen Ihnen einen individuell auf ihre Feier abgestimmten<br \/>\nPauschalpreis oder wenn Sie m\u00f6chten einen flexiblen Stundentarif.<\/p>\n<p><strong>Feiern Sie schon&#8230;.oder planen Sie noch ?<\/strong><\/p>\n<p>Ihr DJ kl\u00e4rt im pers\u00f6nlichen oder telefonischen Vorgespr\u00e4ch<br \/>\ndie Details mit Ihnen ab.<\/p>\n<p>Aber auch Sonderw\u00fcnsche, wie das Zusammenstellen bestimmter Lieder<br \/>\noder Mixe sind f\u00fcr uns kein Problem. Gerne erstellen wir Ihren<br \/>\nindividuellen Hochzeitssong oder Anfangsjingle f\u00fcr ihre Feier.<\/p>\n<p>Etwa zwei Wochen vor Ihrer Feier meldet sich Ihr DJ telefonisch<br \/>\nbei Ihnen. Das Telefonat gibt Ihnen die M\u00f6glichkeit einer<br \/>\ngenauen Absprache, Hier werden alle offenen Fragen besprochen.<\/p>\n<p><strong>Aufbau mit XL Licht Packet<\/strong><\/p>\n<p><img loading=\"lazy\" decoding=\"async\" src=\"http:\/\/tnt-eventservice.de\/wp-content\/uploads\/2020\/05\/Hochzeit-Simona-und-Peter-1040.jpg\" alt=\"\" width=\"750\" height=\"500\" class=\"alignleft size-full wp-image-245\" srcset=\"http:\/\/tnt-eventservice.de\/wp-content\/uploads\/2020\/05\/Hochzeit-Simona-und-Peter-1040.jpg 750w, http:\/\/tnt-eventservice.de\/wp-content\/uploads\/2020\/05\/Hochzeit-Simona-und-Peter-1040-300x200.jpg 300w, http:\/\/tnt-eventservice.de\/wp-content\/uploads\/2020\/05\/Hochzeit-Simona-und-Peter-1040-360x240.jpg 360w\" sizes=\"(max-width: 750px) 100vw, 750px\" \/><\/p>\n<p><strong>Aufbau mit L Licht Packet<\/strong><\/p>\n<p><img loading=\"lazy\" decoding=\"async\" src=\"http:\/\/tnt-eventservice.de\/wp-content\/uploads\/2020\/05\/DJ-Bild-2.jpg\" alt=\"\" width=\"2049\" height=\"2049\" class=\"alignleft size-full wp-image-246\" srcset=\"http:\/\/tnt-eventservice.de\/wp-content\/uploads\/2020\/05\/DJ-Bild-2.jpg 2049w, http:\/\/tnt-eventservice.de\/wp-content\/uploads\/2020\/05\/DJ-Bild-2-150x150.jpg 150w, http:\/\/tnt-eventservice.de\/wp-content\/uploads\/2020\/05\/DJ-Bild-2-300x300.jpg 300w, http:\/\/tnt-eventservice.de\/wp-content\/uploads\/2020\/05\/DJ-Bild-2-768x768.jpg 768w, http:\/\/tnt-eventservice.de\/wp-content\/uploads\/2020\/05\/DJ-Bild-2-1024x1024.jpg 1024w\" sizes=\"(max-width: 2049px) 100vw, 2049px\" \/><\/p>\n<p><strong>Aufbau mit M Licht Packet<\/strong><\/p>\n<p><img loading=\"lazy\" decoding=\"async\" src=\"http:\/\/tnt-eventservice.de\/wp-content\/uploads\/2019\/02\/52736789_407624993142133_4077704206373355520_n-1024x768.jpg\" alt=\"\" width=\"750\" height=\"563\" class=\"aligncenter size-large wp-image-209\" srcset=\"http:\/\/tnt-eventservice.de\/wp-content\/uploads\/2019\/02\/52736789_407624993142133_4077704206373355520_n.jpg 1024w, http:\/\/tnt-eventservice.de\/wp-content\/uploads\/2019\/02\/52736789_407624993142133_4077704206373355520_n-300x225.jpg 300w, http:\/\/tnt-eventservice.de\/wp-content\/uploads\/2019\/02\/52736789_407624993142133_4077704206373355520_n-768x576.jpg 768w\" sizes=\"(max-width: 750px) 100vw, 750px\" \/><\/p>\n","protected":false},"excerpt":{"rendered":"<p>>Sie suchen f\u00fcr Ihre Feier einen DJ ? Dann z\u00f6gern Sie nicht und schreiben uns gerne an, wir machen Ihnen einen individuell auf ihre Feier abgestimmten Pauschalpreis oder wenn Sie m\u00f6chten einen flexiblen Stundentarif. Feiern Sie schon&#8230;.oder planen Sie noch ? Ihr DJ kl\u00e4rt im pers\u00f6nlichen oder telefonischen Vorgespr\u00e4ch die<a class=\"moretag\" href=\"http:\/\/tnt-eventservice.de\/index.php\/dj-service\/\"> Weiterlesen<\/a><\/p>\n","protected":false},"author":1,"featured_media":0,"parent":0,"menu_order":0,"comment_status":"closed","ping_status":"closed","template":"","meta":{"ngg_post_thumbnail":0,"footnotes":""},"yoast_head":"<!-- This site is optimized with the Yoast SEO plugin v19.10 - https:\/\/yoast.com\/wordpress\/plugins\/seo\/ -->\n<title>DJ Service - TNT-Eventservice<\/title>\n<meta name=\"robots\" content=\"index, follow, max-snippet:-1, max-image-preview:large, max-video-preview:-1\" \/>\n<link rel=\"canonical\" href=\"http:\/\/tnt-eventservice.de\/index.php\/dj-service\/\" \/>\n<meta property=\"og:locale\" content=\"de_DE\" \/>\n<meta property=\"og:type\" content=\"article\" \/>\n<meta property=\"og:title\" content=\"DJ Service - TNT-Eventservice\" \/>\n<meta property=\"og:description\" content=\"&gt;Sie suchen f\u00fcr Ihre Feier einen DJ ? Dann z\u00f6gern Sie nicht und schreiben uns gerne an, wir machen Ihnen einen individuell auf ihre Feier abgestimmten Pauschalpreis oder wenn Sie m\u00f6chten einen flexiblen Stundentarif. Feiern Sie schon&#8230;.oder planen Sie noch ? Ihr DJ kl\u00e4rt im pers\u00f6nlichen oder telefonischen Vorgespr\u00e4ch die Weiterlesen\" \/>\n<meta property=\"og:url\" content=\"http:\/\/tnt-eventservice.de\/index.php\/dj-service\/\" \/>\n<meta property=\"og:site_name\" content=\"TNT-Eventservice\" \/>\n<meta property=\"article:modified_time\" content=\"2020-05-25T20:38:30+00:00\" \/>\n<meta property=\"og:image\" content=\"http:\/\/tnt-eventservice.de\/wp-content\/uploads\/2020\/05\/Hochzeit-Simona-und-Peter-1040.jpg\" \/>\n<meta name=\"twitter:card\" content=\"summary_large_image\" \/>\n<meta name=\"twitter:label1\" content=\"Gesch\u00e4tzte Lesezeit\" \/>\n\t<meta name=\"twitter:data1\" content=\"1\u00a0Minute\" \/>\n<script type=\"application\/ld+json\" class=\"yoast-schema-graph\">{\"@context\":\"https:\/\/schema.org\",\"@graph\":[{\"@type\":\"WebPage\",\"@id\":\"http:\/\/tnt-eventservice.de\/index.php\/dj-service\/\",\"url\":\"http:\/\/tnt-eventservice.de\/index.php\/dj-service\/\",\"name\":\"DJ Service - TNT-Eventservice\",\"isPartOf\":{\"@id\":\"http:\/\/tnt-eventservice.de\/#website\"},\"datePublished\":\"2018-12-30T13:58:46+00:00\",\"dateModified\":\"2020-05-25T20:38:30+00:00\",\"breadcrumb\":{\"@id\":\"http:\/\/tnt-eventservice.de\/index.php\/dj-service\/#breadcrumb\"},\"inLanguage\":\"de\",\"potentialAction\":[{\"@type\":\"ReadAction\",\"target\":[\"http:\/\/tnt-eventservice.de\/index.php\/dj-service\/\"]}]},{\"@type\":\"BreadcrumbList\",\"@id\":\"http:\/\/tnt-eventservice.de\/index.php\/dj-service\/#breadcrumb\",\"itemListElement\":[{\"@type\":\"ListItem\",\"position\":1,\"name\":\"Startseite\",\"item\":\"http:\/\/tnt-eventservice.de\/\"},{\"@type\":\"ListItem\",\"position\":2,\"name\":\"DJ Service\"}]},{\"@type\":\"WebSite\",\"@id\":\"http:\/\/tnt-eventservice.de\/#website\",\"url\":\"http:\/\/tnt-eventservice.de\/\",\"name\":\"TNT-Eventservice\",\"description\":\"TNT-Eventservice - Wir k\u00f6nnen Event!\",\"potentialAction\":[{\"@type\":\"SearchAction\",\"target\":{\"@type\":\"EntryPoint\",\"urlTemplate\":\"http:\/\/tnt-eventservice.de\/?s={search_term_string}\"},\"query-input\":\"required name=search_term_string\"}],\"inLanguage\":\"de\"}]}<\/script>\n<!-- \/ Yoast SEO plugin. -->","yoast_head_json":{"title":"DJ Service - TNT-Eventservice","robots":{"index":"index","follow":"follow","max-snippet":"max-snippet:-1","max-image-preview":"max-image-preview:large","max-video-preview":"max-video-preview:-1"},"canonical":"http:\/\/tnt-eventservice.de\/index.php\/dj-service\/","og_locale":"de_DE","og_type":"article","og_title":"DJ Service - TNT-Eventservice","og_description":">Sie suchen f\u00fcr Ihre Feier einen DJ ? Dann z\u00f6gern Sie nicht und schreiben uns gerne an, wir machen Ihnen einen individuell auf ihre Feier abgestimmten Pauschalpreis oder wenn Sie m\u00f6chten einen flexiblen Stundentarif. Feiern Sie schon&#8230;.oder planen Sie noch ? Ihr DJ kl\u00e4rt im pers\u00f6nlichen oder telefonischen Vorgespr\u00e4ch die Weiterlesen","og_url":"http:\/\/tnt-eventservice.de\/index.php\/dj-service\/","og_site_name":"TNT-Eventservice","article_modified_time":"2020-05-25T20:38:30+00:00","og_image":[{"url":"http:\/\/tnt-eventservice.de\/wp-content\/uploads\/2020\/05\/Hochzeit-Simona-und-Peter-1040.jpg"}],"twitter_card":"summary_large_image","twitter_misc":{"Gesch\u00e4tzte Lesezeit":"1\u00a0Minute"},"schema":{"@context":"https:\/\/schema.org","@graph":[{"@type":"WebPage","@id":"http:\/\/tnt-eventservice.de\/index.php\/dj-service\/","url":"http:\/\/tnt-eventservice.de\/index.php\/dj-service\/","name":"DJ Service - TNT-Eventservice","isPartOf":{"@id":"http:\/\/tnt-eventservice.de\/#website"},"datePublished":"2018-12-30T13:58:46+00:00","dateModified":"2020-05-25T20:38:30+00:00","breadcrumb":{"@id":"http:\/\/tnt-eventservice.de\/index.php\/dj-service\/#breadcrumb"},"inLanguage":"de","potentialAction":[{"@type":"ReadAction","target":["http:\/\/tnt-eventservice.de\/index.php\/dj-service\/"]}]},{"@type":"BreadcrumbList","@id":"http:\/\/tnt-eventservice.de\/index.php\/dj-service\/#breadcrumb","itemListElement":[{"@type":"ListItem","position":1,"name":"Startseite","item":"http:\/\/tnt-eventservice.de\/"},{"@type":"ListItem","position":2,"name":"DJ Service"}]},{"@type":"WebSite","@id":"http:\/\/tnt-eventservice.de\/#website","url":"http:\/\/tnt-eventservice.de\/","name":"TNT-Eventservice","description":"TNT-Eventservice - Wir k\u00f6nnen Event!","potentialAction":[{"@type":"SearchAction","target":{"@type":"EntryPoint","urlTemplate":"http:\/\/tnt-eventservice.de\/?s={search_term_string}"},"query-input":"required name=search_term_string"}],"inLanguage":"de"}]}},"_links":{"self":[{"href":"http:\/\/tnt-eventservice.de\/index.php\/wp-json\/wp\/v2\/pages\/27"}],"collection":[{"href":"http:\/\/tnt-eventservice.de\/index.php\/wp-json\/wp\/v2\/pages"}],"about":[{"href":"http:\/\/tnt-eventservice.de\/index.php\/wp-json\/wp\/v2\/types\/page"}],"author":[{"embeddable":true,"href":"http:\/\/tnt-eventservice.de\/index.php\/wp-json\/wp\/v2\/users\/1"}],"replies":[{"embeddable":true,"href":"http:\/\/tnt-eventservice.de\/index.php\/wp-json\/wp\/v2\/comments?post=27"}],"version-history":[{"count":13,"href":"http:\/\/tnt-eventservice.de\/index.php\/wp-json\/wp\/v2\/pages\/27\/revisions"}],"predecessor-version":[{"id":247,"href":"http:\/\/tnt-eventservice.de\/index.php\/wp-json\/wp\/v2\/pages\/27\/revisions\/247"}],"wp:attachment":[{"href":"http:\/\/tnt-eventservice.de\/index.php\/wp-json\/wp\/v2\/media?parent=27"}],"curies":[{"name":"wp","href":"https:\/\/api.w.org\/{rel}","templated":true}]}}