{"id":31,"date":"2018-12-30T14:28:29","date_gmt":"2018-12-30T13:28:29","guid":{"rendered":"http:\/\/tnt-eventservice.de\/?page_id=31"},"modified":"2019-02-27T20:10:13","modified_gmt":"2019-02-27T19:10:13","slug":"technik-verleih","status":"publish","type":"page","link":"http:\/\/tnt-eventservice.de\/index.php\/technik-verleih\/","title":{"rendered":"Technik-Verleih"},"content":{"rendered":"<p><strong>Anlagen &#8211; Vermietung<\/strong><\/p>\n<p>Sie planen eine Feier und Ihnen fehlt das n\u00f6tige Equipment ?<\/p>\n<p>Kein Problem, zu g\u00fcnstigen Preisen verleihen wir Licht-, und Tonanlagen<br \/>\nf\u00fcr Veranstaltungen <\/p>\n<p>Im Dunkeln lassen wir Sie an dem Abend auch nicht stehen,<\/p>\n<p>LED-uplights , Lichteffekte, Moving-Heads, sowie Nebelmaschinen in verschiedenen Ausf\u00fchrungen k\u00f6nnen zu g\u00fcnstigen Konditionen geliehen werden.<\/p>\n<p><strong>Beispielfoto zeigt: 2x Moving-Head Tower, 1x LED Bar, 2x Up-Nebler, 10x Akku Uplights und DJ Technik bis 80 Personen<\/strong><\/p>\n<p><img loading=\"lazy\" decoding=\"async\" src=\"http:\/\/tnt-eventservice.de\/wp-content\/uploads\/2019\/02\/53283575_2064745436975548_3345917482228514816_n-1024x768.jpg\" alt=\"\" width=\"750\" height=\"563\" class=\"aligncenter size-large wp-image-207\" srcset=\"http:\/\/tnt-eventservice.de\/wp-content\/uploads\/2019\/02\/53283575_2064745436975548_3345917482228514816_n.jpg 1024w, http:\/\/tnt-eventservice.de\/wp-content\/uploads\/2019\/02\/53283575_2064745436975548_3345917482228514816_n-300x225.jpg 300w, http:\/\/tnt-eventservice.de\/wp-content\/uploads\/2019\/02\/53283575_2064745436975548_3345917482228514816_n-768x576.jpg 768w\" sizes=\"(max-width: 750px) 100vw, 750px\" \/><\/p>\n","protected":false},"excerpt":{"rendered":"<p>Anlagen &#8211; Vermietung Sie planen eine Feier und Ihnen fehlt das n\u00f6tige Equipment ? Kein Problem, zu g\u00fcnstigen Preisen verleihen wir Licht-, und Tonanlagen f\u00fcr Veranstaltungen Im Dunkeln lassen wir Sie an dem Abend auch nicht stehen, LED-uplights , Lichteffekte, Moving-Heads, sowie Nebelmaschinen in verschiedenen Ausf\u00fchrungen k\u00f6nnen zu g\u00fcnstigen Konditionen<a class=\"moretag\" href=\"http:\/\/tnt-eventservice.de\/index.php\/technik-verleih\/\"> Weiterlesen<\/a><\/p>\n","protected":false},"author":1,"featured_media":0,"parent":0,"menu_order":0,"comment_status":"closed","ping_status":"closed","template":"","meta":{"ngg_post_thumbnail":0,"footnotes":""},"yoast_head":"<!-- This site is optimized with the Yoast SEO plugin v19.10 - https:\/\/yoast.com\/wordpress\/plugins\/seo\/ -->\n<title>Technik-Verleih - TNT-Eventservice<\/title>\n<meta name=\"robots\" content=\"index, follow, max-snippet:-1, max-image-preview:large, max-video-preview:-1\" \/>\n<link rel=\"canonical\" href=\"https:\/\/tnt-eventservice.de\/index.php\/technik-verleih\/\" \/>\n<meta property=\"og:locale\" content=\"de_DE\" \/>\n<meta property=\"og:type\" content=\"article\" \/>\n<meta property=\"og:title\" content=\"Technik-Verleih - TNT-Eventservice\" \/>\n<meta property=\"og:description\" content=\"Anlagen &#8211; Vermietung Sie planen eine Feier und Ihnen fehlt das n\u00f6tige Equipment ? Kein Problem, zu g\u00fcnstigen Preisen verleihen wir Licht-, und Tonanlagen f\u00fcr Veranstaltungen Im Dunkeln lassen wir Sie an dem Abend auch nicht stehen, LED-uplights , Lichteffekte, Moving-Heads, sowie Nebelmaschinen in verschiedenen Ausf\u00fchrungen k\u00f6nnen zu g\u00fcnstigen Konditionen Weiterlesen\" \/>\n<meta property=\"og:url\" content=\"https:\/\/tnt-eventservice.de\/index.php\/technik-verleih\/\" \/>\n<meta property=\"og:site_name\" content=\"TNT-Eventservice\" \/>\n<meta property=\"article:modified_time\" content=\"2019-02-27T19:10:13+00:00\" \/>\n<meta property=\"og:image\" content=\"http:\/\/tnt-eventservice.de\/wp-content\/uploads\/2019\/02\/53283575_2064745436975548_3345917482228514816_n-1024x768.jpg\" \/>\n<meta name=\"twitter:card\" content=\"summary_large_image\" \/>\n<script type=\"application\/ld+json\" class=\"yoast-schema-graph\">{\"@context\":\"https:\/\/schema.org\",\"@graph\":[{\"@type\":\"WebPage\",\"@id\":\"https:\/\/tnt-eventservice.de\/index.php\/technik-verleih\/\",\"url\":\"https:\/\/tnt-eventservice.de\/index.php\/technik-verleih\/\",\"name\":\"Technik-Verleih - TNT-Eventservice\",\"isPartOf\":{\"@id\":\"http:\/\/tnt-eventservice.de\/#website\"},\"datePublished\":\"2018-12-30T13:28:29+00:00\",\"dateModified\":\"2019-02-27T19:10:13+00:00\",\"breadcrumb\":{\"@id\":\"https:\/\/tnt-eventservice.de\/index.php\/technik-verleih\/#breadcrumb\"},\"inLanguage\":\"de\",\"potentialAction\":[{\"@type\":\"ReadAction\",\"target\":[\"https:\/\/tnt-eventservice.de\/index.php\/technik-verleih\/\"]}]},{\"@type\":\"BreadcrumbList\",\"@id\":\"https:\/\/tnt-eventservice.de\/index.php\/technik-verleih\/#breadcrumb\",\"itemListElement\":[{\"@type\":\"ListItem\",\"position\":1,\"name\":\"Startseite\",\"item\":\"http:\/\/tnt-eventservice.de\/\"},{\"@type\":\"ListItem\",\"position\":2,\"name\":\"Technik-Verleih\"}]},{\"@type\":\"WebSite\",\"@id\":\"http:\/\/tnt-eventservice.de\/#website\",\"url\":\"http:\/\/tnt-eventservice.de\/\",\"name\":\"TNT-Eventservice\",\"description\":\"TNT-Eventservice - Wir k\u00f6nnen Event!\",\"potentialAction\":[{\"@type\":\"SearchAction\",\"target\":{\"@type\":\"EntryPoint\",\"urlTemplate\":\"http:\/\/tnt-eventservice.de\/?s={search_term_string}\"},\"query-input\":\"required name=search_term_string\"}],\"inLanguage\":\"de\"}]}<\/script>\n<!-- \/ Yoast SEO plugin. -->","yoast_head_json":{"title":"Technik-Verleih - TNT-Eventservice","robots":{"index":"index","follow":"follow","max-snippet":"max-snippet:-1","max-image-preview":"max-image-preview:large","max-video-preview":"max-video-preview:-1"},"canonical":"https:\/\/tnt-eventservice.de\/index.php\/technik-verleih\/","og_locale":"de_DE","og_type":"article","og_title":"Technik-Verleih - TNT-Eventservice","og_description":"Anlagen &#8211; Vermietung Sie planen eine Feier und Ihnen fehlt das n\u00f6tige Equipment ? Kein Problem, zu g\u00fcnstigen Preisen verleihen wir Licht-, und Tonanlagen f\u00fcr Veranstaltungen Im Dunkeln lassen wir Sie an dem Abend auch nicht stehen, LED-uplights , Lichteffekte, Moving-Heads, sowie Nebelmaschinen in verschiedenen Ausf\u00fchrungen k\u00f6nnen zu g\u00fcnstigen Konditionen Weiterlesen","og_url":"https:\/\/tnt-eventservice.de\/index.php\/technik-verleih\/","og_site_name":"TNT-Eventservice","article_modified_time":"2019-02-27T19:10:13+00:00","og_image":[{"url":"http:\/\/tnt-eventservice.de\/wp-content\/uploads\/2019\/02\/53283575_2064745436975548_3345917482228514816_n-1024x768.jpg"}],"twitter_card":"summary_large_image","schema":{"@context":"https:\/\/schema.org","@graph":[{"@type":"WebPage","@id":"https:\/\/tnt-eventservice.de\/index.php\/technik-verleih\/","url":"https:\/\/tnt-eventservice.de\/index.php\/technik-verleih\/","name":"Technik-Verleih - TNT-Eventservice","isPartOf":{"@id":"http:\/\/tnt-eventservice.de\/#website"},"datePublished":"2018-12-30T13:28:29+00:00","dateModified":"2019-02-27T19:10:13+00:00","breadcrumb":{"@id":"https:\/\/tnt-eventservice.de\/index.php\/technik-verleih\/#breadcrumb"},"inLanguage":"de","potentialAction":[{"@type":"ReadAction","target":["https:\/\/tnt-eventservice.de\/index.php\/technik-verleih\/"]}]},{"@type":"BreadcrumbList","@id":"https:\/\/tnt-eventservice.de\/index.php\/technik-verleih\/#breadcrumb","itemListElement":[{"@type":"ListItem","position":1,"name":"Startseite","item":"http:\/\/tnt-eventservice.de\/"},{"@type":"ListItem","position":2,"name":"Technik-Verleih"}]},{"@type":"WebSite","@id":"http:\/\/tnt-eventservice.de\/#website","url":"http:\/\/tnt-eventservice.de\/","name":"TNT-Eventservice","description":"TNT-Eventservice - Wir k\u00f6nnen Event!","potentialAction":[{"@type":"SearchAction","target":{"@type":"EntryPoint","urlTemplate":"http:\/\/tnt-eventservice.de\/?s={search_term_string}"},"query-input":"required name=search_term_string"}],"inLanguage":"de"}]}},"_links":{"self":[{"href":"http:\/\/tnt-eventservice.de\/index.php\/wp-json\/wp\/v2\/pages\/31"}],"collection":[{"href":"http:\/\/tnt-eventservice.de\/index.php\/wp-json\/wp\/v2\/pages"}],"about":[{"href":"http:\/\/tnt-eventservice.de\/index.php\/wp-json\/wp\/v2\/types\/page"}],"author":[{"embeddable":true,"href":"http:\/\/tnt-eventservice.de\/index.php\/wp-json\/wp\/v2\/users\/1"}],"replies":[{"embeddable":true,"href":"http:\/\/tnt-eventservice.de\/index.php\/wp-json\/wp\/v2\/comments?post=31"}],"version-history":[{"count":11,"href":"http:\/\/tnt-eventservice.de\/index.php\/wp-json\/wp\/v2\/pages\/31\/revisions"}],"predecessor-version":[{"id":217,"href":"http:\/\/tnt-eventservice.de\/index.php\/wp-json\/wp\/v2\/pages\/31\/revisions\/217"}],"wp:attachment":[{"href":"http:\/\/tnt-eventservice.de\/index.php\/wp-json\/wp\/v2\/media?parent=31"}],"curies":[{"name":"wp","href":"https:\/\/api.w.org\/{rel}","templated":true}]}}