{"id":44,"date":"2018-12-30T15:01:48","date_gmt":"2018-12-30T14:01:48","guid":{"rendered":"http:\/\/tnt-eventservice.de\/?page_id=44"},"modified":"2020-02-16T19:19:13","modified_gmt":"2020-02-16T18:19:13","slug":"agbs","status":"publish","type":"page","link":"http:\/\/tnt-eventservice.de\/index.php\/agbs\/","title":{"rendered":"AGBs"},"content":{"rendered":"<p><strong>Unsere allgemeinen Gesch\u00e4ftsbedingungen<\/strong><\/p>\n<p>(AGB`s)<\/p>\n<p>1.<br \/>\nAlle Verleihger\u00e4te sind das uneingeschr\u00e4nkte Eigentum der Firma<br \/>\nTnT-Eventservice. Der Mieter hat kein Recht auf Ver\u00e4u\u00dferung,<br \/>\nNichtherausgabe oder Verpf\u00e4ndung der Gegenst\u00e4nde. Ein Versto\u00df gegen<br \/>\ndieses Recht wird als Veruntreuung bzw. Unterschlagung gewertet und<br \/>\ngem\u00e4\u00df STGB geahndet. Pfandforderungen f\u00fcr uns unbeteiligter dritter<br \/>\nParteien d\u00fcrfen nicht am Verleihger\u00e4t Firma TnT-Eventservice<br \/>\nexekutiert werden. Den Mieter trifft die dahingehende Aufkl\u00e4rungspflicht.<br \/>\nF\u00fcr Sch\u00e4den oder Verlust aus angef\u00fchrten Gr\u00fcnden haftet der Mieter<br \/>\nzum Neupreis (Listenpreis) des Ger\u00e4tes vollinhaltlich.<\/p>\n<p>2.<br \/>\nDer Mietpreis bei Abholung ist generell im Voraus f\u00e4llig.<br \/>\nSonderkonditionen m\u00fcssen in jeder Form schriftlich fixiert werden.<br \/>\nBei nicht fristgerechter Zahlung sind wir zur sofortigen Demontage<br \/>\n(gegen Kostenersatz) der Mietger\u00e4te berechtigt, die weitere Nutzung<br \/>\nist untersagt. Allf\u00e4llige gew\u00e4hrte Rabatte oder Wochenverg\u00fcnstigungen<br \/>\nsind damit hinf\u00e4llig. \u00dcber die Berechnung einer Kaution oder Wertdepots<br \/>\n(z.B. bei Auslandsverleih) wird speziell bei Abschluss des<br \/>\nVerleihvertrages entschieden. Der Mieter ist zur Ausweisleistung<br \/>\nverpflichtet, ebenso muss die Adresse des Mieters und der Einsatzort<br \/>\nder Ger\u00e4te bekannt gegeben werden. Der Mietpreis gilt ab dem Tag der<br \/>\nAbholung (Lieferung) bis zum Tag der Retournierung in unser Lager. F\u00fcr<br \/>\nzu sp\u00e4t retournierte Ger\u00e4te sind wir berechtigt, f\u00fcr jeden Tag<br \/>\nVerz\u00f6gerung den doppelten Tagestarif zu verrechnen.<\/p>\n<p>3.<br \/>\nF\u00fcr alle mutwillig oder fahrl\u00e4ssig am Verleihger\u00e4t entstandenen Sch\u00e4den<br \/>\nhaftet der Mieter. Allf\u00e4llig dadurch notwendige Reparaturen werden mit<br \/>\ndem Preis der Ersatzteile und der Servicezeit in Rechnung gestellt.<br \/>\nDer Mieter hat die Ger\u00e4te entsprechen sorgsam zu behandeln und f\u00fcr<br \/>\nSchutz gegen Besch\u00e4digung, Schmutz, Wasser etc. zu sorgen.<br \/>\n(Servicestunde. 50.-Euro exkl.)<\/p>\n<p>4.<br \/>\nDie Mietger\u00e4te werden von uns im \u00fcberpr\u00fcften und sauberen Zustand \u00fcbergeben.<br \/>\nDer Mieter hat nach dem Einsatz f\u00fcr eine entsprechende S\u00e4uberung der Ger\u00e4te<br \/>\nzu sorgen, ansonsten wird eine Reinigungspauschale von 25 Euro verrechnet.<br \/>\nGleiches gilt auch f\u00fcr alle Arten von Kabeln. Diese sind aufgerollt und<br \/>\nebenfalls sauber zu retournieren. Widrigenfalls werden die Reinigungsspesen<br \/>\nund die Arbeitszeit in Rechnung gestellt.<\/p>\n<p>5.<br \/>\nDer Mieter hat vor Verleihbeginn zu kl\u00e4ren, ob er selbst oder Ihm bekannte<br \/>\nPersonen die technischen F\u00e4higkeiten zur Bedienung der gemieteten Ger\u00e4te<br \/>\nhaben. Auf Wunsch wird im Zuge der Abholung der Ger\u00e4te durch Personal der<br \/>\nFirma TnT-Eventservice eine kostenlose kurze Einschulung bzw. Erkl\u00e4rung der<br \/>\ngemieteten Ger\u00e4te vorgenommen. Kann ein Ger\u00e4t mangels technische F\u00e4higkeiten<br \/>\ndes Mieters (auch trotz Kurzschulung oder telefonischen Hilfestellung) nicht<br \/>\nin Betrieb genommen werden, berechtigt dies nicht zu einer Wertgutschrift<br \/>\noder Schadenersatz (Dies gilt z.B. speziell bei Scanner oder Lichtsteuerungen,<br \/>\nVideoanlagen etc.) Unser qualifiziertes Fachpersonal f\u00fchrt diese Aufbau und<br \/>\nEinstellungsarbeiten bei Bedarf kosteng\u00fcnstig durch. Technische Angaben des<br \/>\nMieters \u00fcber Gr\u00f6\u00dfen, Abmessungen und H\u00f6hen werden als erwiesen angesehen,<br \/>\ndie Firma TnT-Eventservice ist nicht verpflichtet, die Richtigkeit dieser<br \/>\nAngaben im vornhinein zu \u00fcberpr\u00fcfen. Sollten die angegebenen oder bestellten<br \/>\nGr\u00f6\u00dfen nicht den Tatsachen entsprechen, und dadurch Mehrkosten jedweder Art<br \/>\n(z.B. f\u00fcr Nachbestellungen, Transportspesen, Personal etc.) entstehen,<br \/>\nso haftet daf\u00fcr der Mieter bzw. Besteller.<\/p>\n<p>6.<br \/>\nAlle Verleihger\u00e4te werden vor der Auslieferung von uns \u00fcberpr\u00fcft, ebenso<br \/>\nbei der Retournierung. Allf\u00e4llig \u00fcbersehene Defekte oder Sonderlichkeiten<br \/>\nim Betrieb sind vom Mieter sofort zu melden, ebenso durch den Mieter<br \/>\nentstandene Defekte oder Besch\u00e4digungen. Scheinwerfer werden auf Wunsch mit<br \/>\nErsatzlampe geliefert. Sollte ein Lampentausch notwendig sein, so ist die<br \/>\nkaputte Lampe zu retournieren, widrigenfalls wird die Lampe zum Listenpreis<br \/>\nverrechnet.<\/p>\n<p>7.<br \/>\nDer Mieter hat f\u00fcr eine entsprechende Versicherung der Ger\u00e4te zu sorgen. Ein<br \/>\nHaftungs\u00fcbergang auf die Firma TnT-Eventservice als Vermieter wird f\u00fcr<br \/>\nalle F\u00e4lle (Personenschaden, Materialverlust, Folgesch\u00e4den durch<br \/>\ntechnische Defekte) vollinhaltlich ausgeschlossen. Bei Verlust ist<br \/>\npolizeiliche Meldung zu machen.<\/p>\n<p>8.<br \/>\nDie Vergabe von Mietger\u00e4ten erfolgt nach Ma\u00dfgabe des Lagerbestandes. Die<br \/>\nVermietung gilt mit der Reservierung der Anlage als erteilt. Der Kunde ist<br \/>\nverpflichtet den Vermieter f\u00fcr den Fall, dass er die Mietgegenst\u00e4nde nicht<br \/>\nzum vereinbarten Zeitpunkt \u00fcbernehmen kann oder vom Vertrag zur\u00fcckzutreten<br \/>\nbeabsichtigt, unverz\u00fcglich davon in Kenntnis zu setzen. Der Vermieter kann<br \/>\nf\u00fcr den Fall, dass der Kunde 21 Tage vor der vereinbarten Mietzeit von<br \/>\ndiesem Vertrag zur\u00fccktritt, gleichwohl aus welchem Grund, vom Kunden einen<br \/>\nSchadensersatz in H\u00f6he von 20% des Mietzinses verlangen. Der<br \/>\nSchadensersatzanspruch der Firma TnT-Eventservice erh\u00f6ht sich bei R\u00fccktritt<br \/>\nvon diesem Vertrag innerhalb 14 Tagen von der vereinbarten Mietzeit<br \/>\num 10% auf 30% des Mietzinses. Erfolgt der R\u00fccktritt 7 Tage vor der Mietzeit<br \/>\nerh\u00f6ht sich der Mietzins von 30% auf 40% des Mietzinses. F\u00fcr den Fall, dass<br \/>\nder Kunde erst am Tage des Beginns, oder am letzten Tage vor Beginn der<br \/>\nvereinbarten Mietzeit zur\u00fccktritt, wird der Mietzins zu 100% f\u00e4llig. Die<br \/>\nVermietung auch vorhandener Ger\u00e4te und Teile kann ohne Angabe von Gr\u00fcnden<br \/>\nverweigert werden.<\/p>\n<p>9.<br \/>\nFirma TnT-Eventservice geht davon aus, das der Mieter die zum Betrieb der<br \/>\ngemieteten Anlagen notwendigen Gewerbe und sonstigen Berechtigungen besitzt<br \/>\nund auch alle notwendigen Anmeldungen der jeweiligen Veranstaltung<br \/>\nordnungsgem\u00e4\u00df durchgef\u00fchrt hat. Wir lehnen jedwede Haftung oder Wertersatz<br \/>\n(z.B. bei Nichtbenutzung der Ger\u00e4te), im Nichterf\u00fcllungsfall dieser Annahme ab.<br \/>\nBei Betrieb und Einsatz von Laseranlagen (auch Kleinlaseranlagen) sind die<br \/>\nentsprechenden Bestimmungen zu beachten. Bei Verdacht auf<br \/>\nAugensch\u00e4digung Arzt konsultieren. Eine Haftung von TnT-Eventservice<br \/>\nf\u00fcr Lasersch\u00e4den jedweder Art wird ausgeschlossen.<\/p>\n<p>10.<br \/>\nTnT Eventservice verwendet Nebelanlagen und Hazer auf den Veranstaltungen.<br \/>\nSollten Brandmeldeanlagen vor Ort sein, und diese nicht zu deaktivieren sein, bzw.<br \/>\ndie Verwendung der Nebelanlagen nicht m\u00f6glich machen (Gefahr von Fehlalarm),<br \/>\nso ist dies vor Beginn der Veranstaltung dem TnT Eventservice unaufgefordert<br \/>\nmitzuteilen. Die Firma TnT-Eventservice \u00fcbernimmt keinerlei Haftung<br \/>\nf\u00fcr entstandene Sch\u00e4den jedweder Art.<br \/>\nDie verwendeten Nebelfl\u00fcssigkeiten sind gepr\u00fcft nach DIN-Norm, haben<br \/>\nkeine MAK Werte oder toxische Inhaltsstoffe und beinhalten keine \u00d6le.<br \/>\nTrotzdem kann es bei empfindlichen Personen, wie Asthma- oder Lungenkranken<br \/>\nzu Beschwerden kommen. Firma TnT-Eventservice \u00fcbernimmt keinerlei Haftung<br \/>\nf\u00fcr entstandene Sch\u00e4den jedweder Art.<\/p>\n<p>11.<br \/>\nDer Mieter haftet f\u00fcr die ordnungsgem\u00e4\u00dfe Installation und Aufstellung aller<br \/>\nGer\u00e4te gem\u00e4\u00df der \u00f6rtlichen Rechtsvorschriften bzw. der Gewerbeordnung sowie<br \/>\nallen weiteren vorgeschriebenen Verordnungen. F\u00fcr die notwendigen<br \/>\n\u00dcberpr\u00fcfungen durch amtl. Stellen (wie z.B Statiker, Elektriker etc.)<br \/>\nhat der Mieter zu sorgen. Bei Sch\u00e4den an Material oder Personen<br \/>\n\u00fcbernimmt die Firma TnT-Eventservice keine Haftung.<\/p>\n<p>12.<br \/>\nMit der Erteilung eines Vermietauftrages erkennt der Mieter diese<br \/>\nVerleihbedingungen und die allgemeinen Gesch\u00e4ftsbedingungen von der Firma<br \/>\nTnT-Eventservice vollinhaltlich an. Eine nochmalige Best\u00e4tigung derselben<br \/>\ndurch uns ist nicht notwendig. \u00c4nderungen dazu m\u00fcssen schriftlich festgelegt<br \/>\nwerden. Gesch\u00e4fts- oder Mietbedingungen des Mieters haben keine G\u00fcltigkeit<br \/>\nauch wenn diesen nicht ausdr\u00fccklich widersprochen wird, au\u00dfer diese werden<br \/>\nvon der Firma TnT-Eventservice ausdr\u00fccklich schriftlich best\u00e4tigt und<br \/>\nim einzelnen anerkannt. Gerichtsstand ist in jedem Falle Euskirchen,<br \/>\nGerichtsst\u00e4nde des Mieters sind ung\u00fcltig.<\/p>\n<p>13.<br \/>\nDer Abholer oder Unterzeichner des Mietvertrages bzw. des Verleihscheines haftet<br \/>\nFirma der TnT-Eventservice gegen\u00fcber pers\u00f6nlich f\u00fcr die volle Bezahlung des<br \/>\nMietbetrages solidarisch, unabh\u00e4ngig davon, ob der Mieter eine Gruppe, ein Verein,<br \/>\nFirma oder eine K\u00f6rperschaft, oder auch sonst wie fremd etc. ist.<\/p>\n<p>14.<br \/>\nUnsere Beschallungsanlagen k\u00f6nnen Pegel produzieren, die zu H\u00f6rsch\u00e4den beim<br \/>\nPublikum f\u00fchren k\u00f6nnen. Nach DIN 15 905 Teil 5 hat der Veranstalter die Pflicht,<br \/>\nden Pegel zu messen, eine \u00dcberschreitung des Grenzwertes zu verhindern und die<br \/>\nMessung zu protokollieren. Auf Wunsch vermitteln wir einen Dienstleister, der<br \/>\neine solche  Messung normgerecht durchf\u00fchrt. TnT-Eventservice \u00fcbernimmt keine<br \/>\nHaftung bei Gesundheitssch\u00e4den an Personen bei Missachtung der Grenzwerte.<\/p>\n<p>15.<br \/>\nDie AGB sind Teil jedes abgeschlossenen Vertrages soweit dieser nichts<br \/>\nAbweichendes enth\u00e4lt. Andere Vereinbarungen bed\u00fcrfen der Schriftform. Dies gilt<br \/>\nauch f\u00fcr Engagement Vertr\u00e4ge von DJs, Moderatoren und K\u00fcnstlern. Hier werden<br \/>\nalle Vertragsinhalte in einem gesonderten Engagementvertrag aufgef\u00fchrt.<\/p>\n<p>16.<br \/>\nAngebote sind freibleibend und unverbindlich und werden erst nach schriftlicher<br \/>\nAuftragsbest\u00e4tigung g\u00fcltig. Angebote sind 14 Tage, ab Angebotsdatum, g\u00fcltig.<br \/>\nNebenabreden sind nur wirksam, wenn sie schriftlich best\u00e4tigt sind.<\/p>\n<p>17.<br \/>\nDer Kaufpreis, die Kosten f\u00fcr Leistungen und Waren sowie verauslagte Kosten<br \/>\nsind bei der \u00dcbergabe der Ware bzw. bei Abschluss der Leistung sofort zur<br \/>\nZahlung in bar f\u00e4llig.<\/p>\n<p>18.<br \/>\nAlle Druckerzeugnisse bleiben bis zur Vollst\u00e4ndigen Bezahlung Eigentum von<br \/>\nTnT Eventservice. Der Auftraggeber versichert gegen\u00fcber TnT Eventservice, das<br \/>\ndie gelieferten Layouts und Fotos frei von Copyrights sind bzw. der Auftraggeber<br \/>\ndie Nutzungsrechte daf\u00fcr hat.<\/p>\n<p>19.<br \/>\nDatenschutz &#8211;  Informationen zur Datenerhebung gem\u00e4\u00df Artikel 13 DSGVO<\/p>\n<p>TnT Eventservice, Thorsten Harth, Auf der Schanz 52, 53940 Hellenthal<br \/>\nerhebt personenbezogene Daten des Auftraggebers zum Zweck der<br \/>\nVertragsdurchf\u00fchrung, zur Erf\u00fcllung unserer vertraglichen und<br \/>\nvorvertraglichen Pflichten.<\/p>\n<p>Die Datenerhebung und Datenverarbeitung ist f\u00fcr die Durchf\u00fchrung des<br \/>\nVertrags erforderlich und beruht auf Artikel 6 Abs. 1 b) DSGVO.<br \/>\nEine Weitergabe der Daten an Dritte findet nicht statt. Die Daten<br \/>\nwerden gel\u00f6scht, sobald sie f\u00fcr den Zweck ihrer Verarbeitung nicht<br \/>\nmehr erforderlich sind und soweit dem keine gesetzliche<br \/>\nAufbewahrungspflicht entgegensteht. Eine unentgeltliche Auskunft \u00fcber<br \/>\nalle personenbezogenen Daten des Auftraggebers ist m\u00f6glich.<br \/>\nF\u00fcr Fragen und Antr\u00e4ge auf L\u00f6schung, Korrektur oder Sperrung<br \/>\npersonenbezogener Daten sowie Erhebung, Verarbeitung und Nutzung<br \/>\nkann sich der Auftraggeber an folgende Adresse wenden:<br \/>\nThorsten Harth, Auf der Schanz 52, 52940 Hellenthal<\/p>\n<p>20.<br \/>\nSchlussbestimmungen\/ Salvatorische Klausel<\/p>\n<p>(1) Es gilt ausschlie\u00dflich das Recht der Bundesrepublik Deutschland.<\/p>\n<p>(2) Nebenabreden zum Vertrag bestehen nicht und bed\u00fcrfen,<br \/>\n    soweit nachtr\u00e4glich gewollt, zu ihrer Wirksamkeit der Schriftform.<\/p>\n<p>(3) Die etwaige Nichtigkeit bzw. Unwirksamkeit einer oder mehrerer<br \/>\n    Bestimmungen dieser AGB ber\u00fchrt nicht die Wirksamkeit der \u00fcbrigen<br \/>\n    Bestimmungen.<\/p>\n<p>(4) F\u00fcr den Fall das der Auftraggeber keinen Gerichtsstand in der<br \/>\n    Bundesrepublik Deutschland hat oder seinen Sitz oder gew\u00f6hnlichen<br \/>\n    Aufenthalt nach Vertragsabschluss ins Ausland verlegt, wird der<br \/>\n    Wohnsitz des Fotografen als Gerichtstand vereinbart.<\/p>\n<p>  Es gilt das Recht der Bundesrepublik Deutschland.<br \/>\n  Hellenthal im Januar 2019<\/p>\n<p>  Kein Teil dieser Homepage darf in irgendeiner Form ohne schriftliche<br \/>\n  Genehmigung des TNT- Eventservice reproduziert oder vervielf\u00e4ltigt<br \/>\n  werden. \u00a9 TNT-Eventservice 2013<\/p>\n","protected":false},"excerpt":{"rendered":"<p>Unsere allgemeinen Gesch\u00e4ftsbedingungen (AGB`s) 1. Alle Verleihger\u00e4te sind das uneingeschr\u00e4nkte Eigentum der Firma TnT-Eventservice. Der Mieter hat kein Recht auf Ver\u00e4u\u00dferung, Nichtherausgabe oder Verpf\u00e4ndung der Gegenst\u00e4nde. Ein Versto\u00df gegen dieses Recht wird als Veruntreuung bzw. Unterschlagung gewertet und gem\u00e4\u00df STGB geahndet. Pfandforderungen f\u00fcr uns unbeteiligter dritter Parteien d\u00fcrfen nicht am<a class=\"moretag\" href=\"http:\/\/tnt-eventservice.de\/index.php\/agbs\/\"> Weiterlesen<\/a><\/p>\n","protected":false},"author":1,"featured_media":0,"parent":0,"menu_order":0,"comment_status":"closed","ping_status":"closed","template":"","meta":{"ngg_post_thumbnail":0,"footnotes":""},"yoast_head":"<!-- This site is optimized with the Yoast SEO plugin v19.10 - https:\/\/yoast.com\/wordpress\/plugins\/seo\/ -->\n<title>AGBs - TNT-Eventservice<\/title>\n<meta name=\"robots\" content=\"index, follow, max-snippet:-1, max-image-preview:large, max-video-preview:-1\" \/>\n<link rel=\"canonical\" href=\"http:\/\/tnt-eventservice.de\/index.php\/agbs\/\" \/>\n<meta property=\"og:locale\" content=\"de_DE\" \/>\n<meta property=\"og:type\" content=\"article\" \/>\n<meta property=\"og:title\" content=\"AGBs - TNT-Eventservice\" \/>\n<meta property=\"og:description\" content=\"Unsere allgemeinen Gesch\u00e4ftsbedingungen (AGB`s) 1. Alle Verleihger\u00e4te sind das uneingeschr\u00e4nkte Eigentum der Firma TnT-Eventservice. Der Mieter hat kein Recht auf Ver\u00e4u\u00dferung, Nichtherausgabe oder Verpf\u00e4ndung der Gegenst\u00e4nde. Ein Versto\u00df gegen dieses Recht wird als Veruntreuung bzw. Unterschlagung gewertet und gem\u00e4\u00df STGB geahndet. Pfandforderungen f\u00fcr uns unbeteiligter dritter Parteien d\u00fcrfen nicht am Weiterlesen\" \/>\n<meta property=\"og:url\" content=\"http:\/\/tnt-eventservice.de\/index.php\/agbs\/\" \/>\n<meta property=\"og:site_name\" content=\"TNT-Eventservice\" \/>\n<meta property=\"article:modified_time\" content=\"2020-02-16T18:19:13+00:00\" \/>\n<meta name=\"twitter:card\" content=\"summary_large_image\" \/>\n<meta name=\"twitter:label1\" content=\"Gesch\u00e4tzte Lesezeit\" \/>\n\t<meta name=\"twitter:data1\" content=\"8\u00a0Minuten\" \/>\n<script type=\"application\/ld+json\" class=\"yoast-schema-graph\">{\"@context\":\"https:\/\/schema.org\",\"@graph\":[{\"@type\":\"WebPage\",\"@id\":\"http:\/\/tnt-eventservice.de\/index.php\/agbs\/\",\"url\":\"http:\/\/tnt-eventservice.de\/index.php\/agbs\/\",\"name\":\"AGBs - TNT-Eventservice\",\"isPartOf\":{\"@id\":\"http:\/\/tnt-eventservice.de\/#website\"},\"datePublished\":\"2018-12-30T14:01:48+00:00\",\"dateModified\":\"2020-02-16T18:19:13+00:00\",\"breadcrumb\":{\"@id\":\"http:\/\/tnt-eventservice.de\/index.php\/agbs\/#breadcrumb\"},\"inLanguage\":\"de\",\"potentialAction\":[{\"@type\":\"ReadAction\",\"target\":[\"http:\/\/tnt-eventservice.de\/index.php\/agbs\/\"]}]},{\"@type\":\"BreadcrumbList\",\"@id\":\"http:\/\/tnt-eventservice.de\/index.php\/agbs\/#breadcrumb\",\"itemListElement\":[{\"@type\":\"ListItem\",\"position\":1,\"name\":\"Startseite\",\"item\":\"http:\/\/tnt-eventservice.de\/\"},{\"@type\":\"ListItem\",\"position\":2,\"name\":\"AGBs\"}]},{\"@type\":\"WebSite\",\"@id\":\"http:\/\/tnt-eventservice.de\/#website\",\"url\":\"http:\/\/tnt-eventservice.de\/\",\"name\":\"TNT-Eventservice\",\"description\":\"TNT-Eventservice - Wir k\u00f6nnen Event!\",\"potentialAction\":[{\"@type\":\"SearchAction\",\"target\":{\"@type\":\"EntryPoint\",\"urlTemplate\":\"http:\/\/tnt-eventservice.de\/?s={search_term_string}\"},\"query-input\":\"required name=search_term_string\"}],\"inLanguage\":\"de\"}]}<\/script>\n<!-- \/ Yoast SEO plugin. -->","yoast_head_json":{"title":"AGBs - TNT-Eventservice","robots":{"index":"index","follow":"follow","max-snippet":"max-snippet:-1","max-image-preview":"max-image-preview:large","max-video-preview":"max-video-preview:-1"},"canonical":"http:\/\/tnt-eventservice.de\/index.php\/agbs\/","og_locale":"de_DE","og_type":"article","og_title":"AGBs - TNT-Eventservice","og_description":"Unsere allgemeinen Gesch\u00e4ftsbedingungen (AGB`s) 1. Alle Verleihger\u00e4te sind das uneingeschr\u00e4nkte Eigentum der Firma TnT-Eventservice. Der Mieter hat kein Recht auf Ver\u00e4u\u00dferung, Nichtherausgabe oder Verpf\u00e4ndung der Gegenst\u00e4nde. Ein Versto\u00df gegen dieses Recht wird als Veruntreuung bzw. Unterschlagung gewertet und gem\u00e4\u00df STGB geahndet. Pfandforderungen f\u00fcr uns unbeteiligter dritter Parteien d\u00fcrfen nicht am Weiterlesen","og_url":"http:\/\/tnt-eventservice.de\/index.php\/agbs\/","og_site_name":"TNT-Eventservice","article_modified_time":"2020-02-16T18:19:13+00:00","twitter_card":"summary_large_image","twitter_misc":{"Gesch\u00e4tzte Lesezeit":"8\u00a0Minuten"},"schema":{"@context":"https:\/\/schema.org","@graph":[{"@type":"WebPage","@id":"http:\/\/tnt-eventservice.de\/index.php\/agbs\/","url":"http:\/\/tnt-eventservice.de\/index.php\/agbs\/","name":"AGBs - TNT-Eventservice","isPartOf":{"@id":"http:\/\/tnt-eventservice.de\/#website"},"datePublished":"2018-12-30T14:01:48+00:00","dateModified":"2020-02-16T18:19:13+00:00","breadcrumb":{"@id":"http:\/\/tnt-eventservice.de\/index.php\/agbs\/#breadcrumb"},"inLanguage":"de","potentialAction":[{"@type":"ReadAction","target":["http:\/\/tnt-eventservice.de\/index.php\/agbs\/"]}]},{"@type":"BreadcrumbList","@id":"http:\/\/tnt-eventservice.de\/index.php\/agbs\/#breadcrumb","itemListElement":[{"@type":"ListItem","position":1,"name":"Startseite","item":"http:\/\/tnt-eventservice.de\/"},{"@type":"ListItem","position":2,"name":"AGBs"}]},{"@type":"WebSite","@id":"http:\/\/tnt-eventservice.de\/#website","url":"http:\/\/tnt-eventservice.de\/","name":"TNT-Eventservice","description":"TNT-Eventservice - Wir k\u00f6nnen Event!","potentialAction":[{"@type":"SearchAction","target":{"@type":"EntryPoint","urlTemplate":"http:\/\/tnt-eventservice.de\/?s={search_term_string}"},"query-input":"required name=search_term_string"}],"inLanguage":"de"}]}},"_links":{"self":[{"href":"http:\/\/tnt-eventservice.de\/index.php\/wp-json\/wp\/v2\/pages\/44"}],"collection":[{"href":"http:\/\/tnt-eventservice.de\/index.php\/wp-json\/wp\/v2\/pages"}],"about":[{"href":"http:\/\/tnt-eventservice.de\/index.php\/wp-json\/wp\/v2\/types\/page"}],"author":[{"embeddable":true,"href":"http:\/\/tnt-eventservice.de\/index.php\/wp-json\/wp\/v2\/users\/1"}],"replies":[{"embeddable":true,"href":"http:\/\/tnt-eventservice.de\/index.php\/wp-json\/wp\/v2\/comments?post=44"}],"version-history":[{"count":18,"href":"http:\/\/tnt-eventservice.de\/index.php\/wp-json\/wp\/v2\/pages\/44\/revisions"}],"predecessor-version":[{"id":233,"href":"http:\/\/tnt-eventservice.de\/index.php\/wp-json\/wp\/v2\/pages\/44\/revisions\/233"}],"wp:attachment":[{"href":"http:\/\/tnt-eventservice.de\/index.php\/wp-json\/wp\/v2\/media?parent=44"}],"curies":[{"name":"wp","href":"https:\/\/api.w.org\/{rel}","templated":true}]}}